{"id":3027,"date":"2023-10-03T19:09:47","date_gmt":"2023-10-03T17:09:47","guid":{"rendered":"http:\/\/gb-studiophoto.com\/?page_id=3027"},"modified":"2023-10-13T13:26:22","modified_gmt":"2023-10-13T11:26:22","slug":"mini-sessions-de-noel","status":"publish","type":"page","link":"https:\/\/gb-studiophoto.com\/en\/mini-sessions-de-noel\/","title":{"rendered":"Mini Sessions de No\u00ebl"},"content":{"rendered":"\n<p><\/p>\n\n\n\n<h1 class=\"wp-block-heading has-text-align-center has-vivid-cyan-blue-color has-text-color\" style=\"font-size:37px\"><span style=\"color: #ff0000;\"><strong><span id=\"p2\">S\u00e9ances Photo de <span id=\"49\">No\u00ebl (<\/span><\/span><\/strong><span id=\"p2\"><span id=\"p2\"><a rel=\"noreferrer noopener\" href=\"https:\/\/www.fotostudio.io\/client\/reservation\/137603\" data-type=\"link\" data-id=\"https:\/\/www.fotostudio.io\/client\/reservation\/137603\" target=\"_blank\">lien de r\u00e9servation<\/a><\/span><\/span><strong><span id=\"p2\"><span id=\"49\">)<\/span><\/span>\ud83c\udf84\ud83c\udf85\ud83c\udffb<br><span style=\"color: #000000;\">&#8211; <\/span><\/strong><\/span><span style=\"color: #3366ff;\"><strong>Douce soir\u00e9e enneig\u00e9e de No\u00ebl<\/strong><\/span><span style=\"color: #ff0000;\"><strong><span style=\"color: #000000;\"> &#8211; \u2744\ufe0f<br>&#8211; <span style=\"color: #339966;\">Voyage magique au pays des Nounours<\/span> &#8211; \ud83d\udc3b<\/span><\/strong><\/span><\/h1>\n\n\n\n<p class=\"has-black-color has-text-color\" style=\"font-size:18px\"><br><span id=\"p9\">Venez plonger dans la magie de No\u00ebl et vivez une exp\u00e9rience in\u00e9dite. <\/span><\/p>\n\n\n\n<p class=\"has-black-color has-text-color\" style=\"font-size: 18px;\">\u00c0<span id=\"p11\"> travers deux d\u00e9cors originaux &#8220;<strong><em>Douce soir\u00e9e enneig\u00e9e de<\/em> <span id=\"43\">No\u00ebl<\/span><\/strong>&#8221; et &#8220;<span id=\"44\"><em><strong>Voyag<\/strong><\/em><strong>e<\/strong> <em><strong>magique<\/strong><\/em><\/span><em><strong> au pays des<\/strong><\/em> <span id=\"45\"><em><strong>nounours<\/strong><\/em>&#8220;<\/span><\/span><span id=\"p12\"><span id=\"47\" class=\"s-rg\">, embarquez<\/span> pour une s\u00e9ance photo de No\u00ebl fun et d\u00e9contract\u00e9e.<\/span><span id=\"p13\"> <\/span><\/p>\n\n\n\n<p class=\"has-black-color has-text-color\" style=\"font-size: 18px;\"><span id=\"p14\">Cr\u00e9ez des souvenirs uniques pour vos enfants et votre famille o\u00f9 petits et grands seront \u00e9merveill\u00e9s.<\/span><span id=\"p15\"> <\/span><\/p>\n\n\n\n<p class=\"has-black-color has-text-color\" style=\"font-size: 18px;\"><span id=\"p71\">Une s\u00e9ance photo d&#8217;environ 35 minutes, o\u00f9 vous aurez acc\u00e8s \u00e0 deux d\u00e9cors uniques et originaux.<\/span><span id=\"p17\"> <\/span><\/p>\n\n\n\n<p class=\"has-black-color has-text-color\" style=\"font-size:18px\"><span id=\"p18\">Vous repartirez les yeux et le c\u0153ur remplis de la magie de No\u00ebl.<\/span><span id=\"p19\"> <\/span><\/p>\n\n\n\n<p class=\"has-black-color has-text-color\" style=\"font-size: 18px;\"><span id=\"p22\">Alors n&#8217;attendez plus, et r\u00e9servez maintenant votre shooting photo de No\u00ebl ici :<span id=\"55\" class=\"s-bl\"> <\/span><span id=\"56\" class=\"s-bl\"><strong><a href=\"https:\/\/www.fotostudio.io\/client\/reservation\/137603\" target=\"_blank\" rel=\"noopener\"><span style=\"color: #ff6600;\">r\u00e9servation s\u00e9ance photo no\u00ebl<\/span><\/a><\/strong>&nbsp;( <span style=\"text-decoration: underline;\"><span style=\"color: #3366ff; text-decoration: underline;\"><span id=\"51\" class=\"s-bl\">\/!\\<\/span> Nombre de places limit\u00e9es<\/span><\/span> )<\/span> <\/span><\/p>\n\n\n\n<p class=\"has-text-align-center has-black-color has-text-color\" style=\"font-size: 18px; text-align: center;\"><strong><span style=\"text-decoration: underline;\">Tarifs<\/span> : <\/strong><br><span style=\"color: #ff6600;\">*<\/span> <span style=\"color: #ff6600;\">Collection &#8220;F\u00e9\u00e9rique&#8221;<\/span> : <strong>125\u20ac<\/strong> (5 photos HD \/ acc\u00e8s aux 2 d\u00e9cors \/ 30&#8242; de shooting photo)<br><br><span style=\"color: #ff6600;\">*<\/span> <span style=\"color: #ff6600;\">Collection &#8220;Magique&#8221;<\/span> : <strong>205\u20ac<\/strong> (10 photos HD \/ acc\u00e8s aux 2 d\u00e9cors \/ 30&#8242; de shooting photo)<br><br><span style=\"color: #ff6600;\">*<\/span> <span style=\"color: #ff6600;\">Collection &#8220;Christmas Time&#8221;<\/span> : <strong>365\u20ac<\/strong> (20 photos HD \/ acc\u00e8s aux 2 d\u00e9cors \/ 30&#8242; de shooting photo)<br><br><span style=\"color: #ff6600;\">Fichier num\u00e9rique suppl\u00e9mentaire<\/span> : <strong>20\u20ac<\/strong><\/p>\n\n\n\n<div class=\"wp-block-columns are-vertically-aligned-center is-layout-flex wp-container-core-columns-is-layout-1 wp-block-columns-is-layout-flex\">\n<div class=\"wp-block-column is-vertically-aligned-center is-layout-flow wp-block-column-is-layout-flow\" style=\"flex-basis:100%\">\n<p><a href=\"http:\/\/gb-studiophoto.com\/wp-content\/uploads\/2023\/10\/mini-session-noel-blagnac-NEWnano.jpg\"><img loading=\"lazy\" decoding=\"async\" class=\"aligncenter wp-image-3141\" src=\"http:\/\/gb-studiophoto.com\/wp-content\/uploads\/2023\/10\/mini-session-noel-blagnac-NEWnano.jpg\" alt=\"\" width=\"1200\" height=\"800\" srcset=\"https:\/\/gb-studiophoto.com\/wp-content\/uploads\/2023\/10\/mini-session-noel-blagnac-NEWnano.jpg 1200w, https:\/\/gb-studiophoto.com\/wp-content\/uploads\/2023\/10\/mini-session-noel-blagnac-NEWnano-300x200.jpg 300w, https:\/\/gb-studiophoto.com\/wp-content\/uploads\/2023\/10\/mini-session-noel-blagnac-NEWnano-1024x683.jpg 1024w\" sizes=\"auto, (max-width: 1200px) 100vw, 1200px\" \/><\/a><\/p>\n<\/div>\n<\/div>\n\n\n\n<div class=\"wp-block-columns is-layout-flex wp-container-core-columns-is-layout-2 wp-block-columns-is-layout-flex\">\n<div class=\"wp-block-column is-layout-flow wp-block-column-is-layout-flow\">\n<p style=\"font-size:16px\"><br><span id=\"p25\">\u2744\ufe0f\u26c4 <span style=\"color: #3366ff;\"><strong>Douce soir\u00e9e enneig\u00e9e de No\u00ebl<\/strong> <span id=\"p24\">(d\u00e9cor n\u00b01)<strong>&nbsp;<\/strong> <\/span><\/span><\/span>\u2744\ufe0f\u26c4<\/p>\n\n\n\n<p style=\"font-size:16px\"><span id=\"p72\">Un soir de No\u00ebl, un enfant savourait un d\u00e9licieux chocolat chaud devant une boutique aux lumi\u00e8res scintillantes.<\/span><span id=\"p27\"> <\/span><\/p>\n\n\n\n<p style=\"font-size:16px\"><span id=\"p75\">Emmitoufl\u00e9 dans ses beaux habits chauds, il savourait la douceur et la magie de cette nuit si f\u00e9erique.<\/span><span id=\"p76\"> <\/span><\/p>\n\n\n\n<p style=\"font-size:16px\">Alors que les premiers flocons dansaient doucement dans le ciel, un sourire chaleureux illumina son visage, remplissant son c\u0153ur de la magie de No\u00ebl.<\/p>\n<\/div>\n\n\n\n<div class=\"wp-block-column is-layout-flow wp-block-column-is-layout-flow\"><div class=\"wp-block-image img2col is-style-default\">\n<figure class=\"aligncenter size-large\"><a href=\"http:\/\/gb-studiophoto.com\/wp-content\/uploads\/2023\/09\/Decor-1-hotty-chocolatenano-1.jpg\"><img loading=\"lazy\" decoding=\"async\" width=\"1024\" height=\"683\" src=\"http:\/\/gb-studiophoto.com\/wp-content\/uploads\/2023\/09\/Decor-1-hotty-chocolatenano-1-1024x683.jpg\" alt=\"\" class=\"wp-image-3121\" srcset=\"https:\/\/gb-studiophoto.com\/wp-content\/uploads\/2023\/09\/Decor-1-hotty-chocolatenano-1-1024x683.jpg 1024w, https:\/\/gb-studiophoto.com\/wp-content\/uploads\/2023\/09\/Decor-1-hotty-chocolatenano-1-300x200.jpg 300w, https:\/\/gb-studiophoto.com\/wp-content\/uploads\/2023\/09\/Decor-1-hotty-chocolatenano-1.jpg 1200w\" sizes=\"auto, (max-width: 1024px) 100vw, 1024px\" \/><\/a><figcaption class=\"wp-element-caption\"><em>Les premiers flocons commen\u00e7aient \u00e0 tomber doucement\u2026<\/em><\/figcaption><\/figure><\/div>\n\n\n<p><\/p>\n<\/div>\n<\/div>\n\n\n\n<div class=\"wp-block-columns is-layout-flex wp-container-core-columns-is-layout-3 wp-block-columns-is-layout-flex\">\n<div class=\"wp-block-column is-layout-flow wp-block-column-is-layout-flow\"><div class=\"wp-block-image is-style-default img2col\">\n<figure class=\"aligncenter size-large\"><a href=\"http:\/\/gb-studiophoto.com\/wp-content\/uploads\/2023\/10\/Photo-enfant-noel-blagnacnano.jpg\"><img loading=\"lazy\" decoding=\"async\" width=\"1024\" height=\"683\" src=\"http:\/\/gb-studiophoto.com\/wp-content\/uploads\/2023\/10\/Photo-enfant-noel-blagnacnano-1024x683.jpg\" alt=\"\" class=\"wp-image-3147\" srcset=\"https:\/\/gb-studiophoto.com\/wp-content\/uploads\/2023\/10\/Photo-enfant-noel-blagnacnano-1024x683.jpg 1024w, https:\/\/gb-studiophoto.com\/wp-content\/uploads\/2023\/10\/Photo-enfant-noel-blagnacnano-300x200.jpg 300w, https:\/\/gb-studiophoto.com\/wp-content\/uploads\/2023\/10\/Photo-enfant-noel-blagnacnano.jpg 1200w\" sizes=\"auto, (max-width: 1024px) 100vw, 1024px\" \/><\/a><figcaption class=\"wp-element-caption\"><em>Une aventure fabuleuse au pays des nounours.<\/em><\/figcaption><\/figure><\/div><\/div>\n\n\n\n<div class=\"wp-block-column is-layout-flow wp-block-column-is-layout-flow\">\n<p style=\"font-size:16px\"><br><span id=\"p31\">\ud83e\uddf8\ud83e\uddf8&nbsp;<span style=\"color: #339966;\"><strong>Voyage magique au pays des nounours <\/strong><span id=\"p30\">(d\u00e9cor n\u00b02)<\/span><strong><span id=\"p30\"> <\/span><\/strong><\/span><\/span>\ud83e\uddf8\ud83e\uddf8<\/p>\n\n\n\n<p style=\"font-size:16px\"><span id=\"p73\">Un soir, non loin de No\u00ebl, un enfant d\u00e9couvrit un monde enchant\u00e9 o\u00f9 vivaient des nounours magiques.<\/span><span id=\"p33\"> <\/span><\/p>\n\n\n\n<p style=\"font-size:16px\"><span id=\"p34\">Ces nounours doux et c\u00e2lins l&#8217;invit\u00e8rent joyeusement \u00e0 r\u00e9pandre la magie de No\u00ebl :<\/span><span id=\"p74\"> ensemble, ils riaient aux \u00e9clats et pass\u00e8rent un moment inoubliable.<\/span><span id=\"p36\"> <\/span><\/p>\n\n\n\n<p style=\"font-size:16px\"><span id=\"p37\">L&#8217;enfant s&#8217;amusa tellement qu&#8217;il emporta avec lui un bout de cette magie, transformant chaque No\u00ebl en une aventure enchant\u00e9e.<\/span><\/p>\n<\/div>\n<\/div>\n\n\n\n<h1 class=\"wp-block-heading has-text-align-center has-luminous-vivid-orange-color has-text-color has-background\" style=\"background:linear-gradient(135deg,rgb(255,245,203) 0%,rgb(182,227,212) 100%,rgb(51,167,181) 100%);font-size:43px\"><a href=\"https:\/\/www.fotostudio.io\/client\/reservation\/137603\" target=\"_blank\" rel=\"noreferrer noopener\"><span style=\"color: #0000ff;\"><span style=\"color: #3366ff;\">Je r\u00e9serve ma s\u00e9ance photo pour ma famille<\/span><\/span><\/a><\/h1>\n\n\n\n<hr class=\"wp-block-separator has-css-opacity is-style-wide\"\/>\n\n\n<h2 style=\"text-align: center;\"><strong>*** <span style=\"text-decoration: underline;\">Galerie<\/span> ***<\/strong><\/h2>\n\n\nngg_shortcode_0_placeholder\n\n\n\n<h1 class=\"wp-block-heading has-text-align-center has-background\" style=\"background:linear-gradient(135deg,rgb(255,245,203) 0%,rgb(182,227,212) 100%,rgb(51,167,181) 100%);font-size:43px\"><a rel=\"noreferrer noopener\" href=\"https:\/\/www.fotostudio.io\/client\/reservation\/137603\" target=\"_blank\"><span style=\"color: #0000ff;\"><span style=\"color: #3366ff;\">Voir les cr\u00e9neaux des Shooting photo de No\u00ebl<\/span><\/span><\/a><\/h1>\n\n\n\n<hr class=\"wp-block-separator has-css-opacity is-style-wide\"\/>\n\n\n\n<h2 class=\"wp-block-heading has-text-align-center has-luminous-vivid-orange-color has-text-color\"><strong>*** <span style=\"text-decoration: underline;\">FAQ<\/span> &#8211; Toutes les r\u00e9ponses \u00e0 vos questions ***<\/strong><\/h2>\n\n\n\n<p style=\"font-size:16px\"><strong>O\u00f9 se d\u00e9roule la s\u00e9ance photo ?<\/strong><\/p>\n\n\n\n<p style=\"font-size:16px\">La s\u00e9ance photo se d\u00e9roule dans notre studio photo \u00e0 Blagnac (quartier mairie). L&#8217;adresse vous sera communiqu\u00e9e apr\u00e8s la validation de votre r\u00e9servation.<\/p>\n\n\n\n<p style=\"font-size:16px\"><strong>Quels sont les tarifs de la s\u00e9ance photo ?<br><\/strong> <br>Nous proposons 3 collections pour les s\u00e9ances photos de No\u00ebl : <br>1) Collection &#8220;F\u00e9\u00e9rique&#8221; : acc\u00e8s aux deux d\u00e9cors \/ 5 photos HD (envoy\u00e9es par lien e-mail) : 125\u20ac <br>2) Collection &#8220;Magique&#8221; : acc\u00e8s aux deux d\u00e9cors \/ 10 photos HD (envoy\u00e9es par lien e-mail) : 205\u20ac<br>3) Collection &#8220;Christmas Time&#8221; : acc\u00e8s aux deux d\u00e9cors \/ 20 photos HD (envoy\u00e9es par lien e-mail) : 365\u20ac<br><br>Photo HD suppl\u00e9mentaires : 20\u20ac <\/p>\n\n\n\n<p style=\"font-size:16px\"><strong>Combien de temps dure la s\u00e9ance photo ?<br><\/strong> <br>La s\u00e9ance photo dure entre 30 et 40 minutes, plus une pr\u00e9sentation des produits photos d&#8217;environ 15 minutes.<br><br>On vous photographie tout d&#8217;abord dans le 1\u1d49\u02b3 d\u00e9cor (d\u00e9cor n\u00b01 : Douce soir\u00e9e enneig\u00e9e de No\u00ebl) pendant 15 \u00e0 20 minutes.<br>Ensuite, nous pr\u00e9parons le 2\u1d49 d\u00e9cor, ce qui vous laisse le temps de changer de tenue si vous le souhaitez. <br>Puis, on vous photographie dans le 2\u1d49 d\u00e9cor (d\u00e9cor n\u00b02 : Voyage magique au pays des Nounours) durant 15 \u00e0 20 minutes.<br><br>Apr\u00e8s avoir v\u00e9cu une exp\u00e9rience magique avec nos deux d\u00e9cors de No\u00ebl, \u00e0 la fin de la s\u00e9ance, nous vous pr\u00e9senterons les produits photographiques que nous vous proposons pour mettre en valeur vos photos (~ 15 minutes). C&#8217;est \u00e9galement le moment id\u00e9al si vous souhaitez offrir des cadeaux \u00e0 vos proches pour No\u00ebl. <br>La grille tarifaire des produits photos vous sera aussi envoy\u00e9e par e-mail. <br><br><strong>Quand est-ce que j&#8217;aurai les photos finales ?<br><\/strong> <br>1) La mise en ligne de voter galerie priv\u00e9e de vos photos se fera tr\u00e8s rapidement afin que vous puissiez s\u00e9lectionner vos photos, suivant la collection que vous avez choisie. Pas de panique, si vous souhaitez commander plus de photos, \u00e7a sera tout \u00e0 fait possible, et nous regarderons ensemble ce qui est le plus avantageux pour vous.<br>C&#8217;est \u00e9galement \u00e0 ce moment-l\u00e0 que vous pourrez me passer commande si vous souhaitez des produits photographiques \u00e0 offrir ou \u00e0 vous offrir pour les cadeaux de No\u00ebl. <br><br>2) Nous traitons ensuite vos photos s\u00e9lectionn\u00e9es afin de les embellir. Les photos vous seront envoy\u00e9es par un lien de t\u00e9l\u00e9chargement dans votre boite e-mail sous un d\u00e9lai d&#8217;une semaine. <br><br>Votre r\u00e8glement devra \u00eatre \u00e0 jour avant tout envoi de photos.&nbsp; &nbsp;<br>&nbsp;<br><strong>Est-il possible de commander des albums photo, tirages photos, agrandissement et cadres ?<br><\/strong><br>No\u00ebl est la p\u00e9riode id\u00e9ale pour offrir des cadeaux \u00e0 ses proches ou \u00e0 soi-m\u00eame. Nous apportons une grande importance \u00e0 ce que les photos vivent et ne restent pas oubli\u00e9es au fond d&#8217;un disque dur\u2026 <br>C&#8217;est pour cela que nous vous proposons de garder vos souvenirs imprim\u00e9s et cela de belle mani\u00e8re. <br>Nous vous proposons : <br><br>&#8211; de garder vos souvenirs dans un bel album photo afin de le consulter au coin du feu, ou le soir de no\u00ebl avec vos enfants et vos proches.<br><br>&#8211; un coffret tout en bois (qui s&#8217;accordera parfaitement sous votre sapin avec les autres cadeaux) avec \u00e0 l&#8217;int\u00e9rieur l&#8217;int\u00e9gralit\u00e9 des tirages (21 x 15 cm, 20 photos) de votre s\u00e9ance photo de no\u00ebl.<br><br>&#8211; des tirages photo (15 x 23 cm) et agrandissements (30 x 20 cm) de qualit\u00e9, tr\u00e8s facile \u00e0 encadrer pour garder vos souvenirs proche de vous tout au long de l&#8217;ann\u00e9e. <br><br>&#8211; des cadres &#8220;Metal print&#8221; \u00e0 accrocher directement \u00e0 vos murs. V\u00e9ritable objet de d\u00e9coration avec une dur\u00e9e de vie d&#8217;au moins 65 ans, assurez la mise en valeur de votre patrimoine photographique de g\u00e9n\u00e9ration en g\u00e9n\u00e9ration. <br><br>Tous les produits photo vous seront pr\u00e9sent\u00e9s en fin de s\u00e9ance (pr\u00e9sentation d&#8217;environ 15 minutes), et une grille tarifaire vous sera transmise par e-mail.<br><br><span style=\"text-decoration: underline;\">Toutes les commandes seront \u00e0 retirer au studio. Aucun envoi au domicile ne sera effectu\u00e9<\/span>. <\/p>\n\n\n\n<p style=\"font-size:16px\"><strong>Est-ce que les produits que j&#8217;ai command\u00e9s seront livr\u00e9s avant no\u00ebl<\/strong> <strong>?<\/strong><br><br>Pour une livraison assur\u00e9e avant No\u00ebl, les commandes devront \u00eatre pass\u00e9es avant le 22 novembre 2023. Pass\u00e9 ce d\u00e9lai, nous ne pourrons plus garantir une livraison avant No\u00ebl. On vous invite donc \u00e0 r\u00e9server votre s\u00e9ance photo au mois d&#8217;octobre ou novembre. <\/p>\n\n\n\n<p style=\"font-size:16px\"><strong>Comment dois-je m&#8217;habiller pour la s\u00e9ance ?<\/strong> <\/p>\n\n\n\n<p class=\"has-black-color has-text-color\" style=\"font-size:16px\">Vous pouvez amener deux tenues (une pour chaque d\u00e9cor) : vous pourrez vous changer apr\u00e8s la fin du shooting photo sur le d\u00e9cor n\u00b01 (le temps qu&#8217;on pr\u00e9pare le d\u00e9cor n\u00b02).<br><br><span style=\"text-decoration: underline;\">Pour le d\u00e9cor n\u00b01<\/span> : &#8220;<em>Douce soir\u00e9e enneig\u00e9e de No\u00ebl<\/em>&#8221; :  Th\u00e8me cosy simulant une douce nuit enneig\u00e9e de No\u00ebl en ext\u00e9rieur. <br>Id\u00e9e d&#8217;exemples d&#8217;habits \u00e0 apporter : pull en laine, pull torsade, veste d&#8217;hiver, chemise manche longue \u00e0 carreaux, tee-shirt \u00e0 manche longue avec un gilet d&#8217;hiver par-dessus, couvre t\u00eate, petit chapeau, bonnet, cache oreille, \u2026<br><br><span style=\"text-decoration: underline;\">Pour le d\u00e9cor n\u00b02<\/span> : &#8220;<em>Voyage magique au pays des Nounours<\/em>&#8221; : Th\u00e8me avec des peluches d&#8217;ourson, en ext\u00e9rieur.<br>Id\u00e9e d&#8217;exemples d&#8217;habits \u00e0 apporter  : vous pouvez opter pour un style plus d\u00e9contract\u00e9, type vintage avec salopette. Vous pouvez aussi porter un tee-shirt \u00e0 manche longue avec un petit gilet par-dessus. <br><br>\/!\\ <span style=\"text-decoration: underline;\">Pensez \u00e0 apporter une paire de chaussures propre d\u00e9di\u00e9e au shooting photo (en plus de celle port\u00e9e en arrivant), pour chaque personne photographi\u00e9e<\/span>. Cela permet de pr\u00e9server nos d\u00e9cors pour toute la p\u00e9riode de No\u00ebl.<br><br><strong>J&#8217;ai encore des questions ou je souhaite vous contacter directement, comment puis-je faire ?<\/strong> <br><br>Bien s\u00fbr. Vous  pouvez nous contacter directement par t\u00e9l\u00e9phone au 07.67.12.97.10 ou par email : gb.studiophoto@gmail.com <br><br>&nbsp;<\/p>\n\n\n\n<hr class=\"wp-block-separator has-css-opacity is-style-wide\"\/>\n\n\n\n<h1 class=\"wp-block-heading has-text-align-center has-background\" style=\"background:linear-gradient(135deg,rgb(255,245,203) 0%,rgb(182,227,212) 100%,rgb(51,167,181) 100%);font-size:43px\"><a rel=\"noreferrer noopener\" href=\"https:\/\/www.fotostudio.io\/client\/reservation\/137603\" target=\"_blank\"><span style=\"color: #0000ff;\"><span style=\"color: #3366ff;\">R\u00e9servation s\u00e9ances photos de No\u00ebl<\/span><\/span><\/a><\/h1>\n\n\n\n<h1 class=\"wp-block-heading has-text-align-center has-vivid-cyan-blue-color has-text-color\" style=\"font-size:43px\"><br><\/h1>\n","protected":false},"excerpt":{"rendered":"<p>S\u00e9ances Photo de No\u00ebl (lien de r\u00e9servation)\ud83c\udf84\ud83c\udf85\ud83c\udffb&#8211; Douce soir\u00e9e enneig\u00e9e de No\u00ebl &#8211; \u2744\ufe0f&#8211; Voyage magique au pays des Nounours &#8211; \ud83d\udc3b Venez plonger dans la magie de No\u00ebl et vivez une exp\u00e9rience in\u00e9dite. \u00c0 travers deux d\u00e9cors originaux &#8220;Douce soir\u00e9e enneig\u00e9e de No\u00ebl&#8221; et &#8220;Voyage magique au pays des nounours&#8220;, embarquez pour une s\u00e9ance [&hellip;]<\/p>\n","protected":false},"author":1,"featured_media":3198,"parent":0,"menu_order":0,"comment_status":"closed","ping_status":"closed","template":"template-full-width.php","meta":{"ngg_post_thumbnail":0,"footnotes":""},"class_list":["post-3027","page","type-page","status-publish","has-post-thumbnail","hentry"],"_links":{"self":[{"href":"https:\/\/gb-studiophoto.com\/en\/wp-json\/wp\/v2\/pages\/3027","targetHints":{"allow":["GET"]}}],"collection":[{"href":"https:\/\/gb-studiophoto.com\/en\/wp-json\/wp\/v2\/pages"}],"about":[{"href":"https:\/\/gb-studiophoto.com\/en\/wp-json\/wp\/v2\/types\/page"}],"author":[{"embeddable":true,"href":"https:\/\/gb-studiophoto.com\/en\/wp-json\/wp\/v2\/users\/1"}],"replies":[{"embeddable":true,"href":"https:\/\/gb-studiophoto.com\/en\/wp-json\/wp\/v2\/comments?post=3027"}],"version-history":[{"count":156,"href":"https:\/\/gb-studiophoto.com\/en\/wp-json\/wp\/v2\/pages\/3027\/revisions"}],"predecessor-version":[{"id":3294,"href":"https:\/\/gb-studiophoto.com\/en\/wp-json\/wp\/v2\/pages\/3027\/revisions\/3294"}],"wp:featuredmedia":[{"embeddable":true,"href":"https:\/\/gb-studiophoto.com\/en\/wp-json\/wp\/v2\/media\/3198"}],"wp:attachment":[{"href":"https:\/\/gb-studiophoto.com\/en\/wp-json\/wp\/v2\/media?parent=3027"}],"curies":[{"name":"wp","href":"https:\/\/api.w.org\/{rel}","templated":true}]}}