{"id":3370,"date":"2024-09-19T13:09:43","date_gmt":"2024-09-19T11:09:43","guid":{"rendered":"https:\/\/gb-studiophoto.com\/?page_id=3370"},"modified":"2024-12-18T10:28:39","modified_gmt":"2024-12-18T08:28:39","slug":"photo-identite","status":"publish","type":"page","link":"https:\/\/gb-studiophoto.com\/en\/photo-identite\/","title":{"rendered":"Photographe agr\u00e9\u00e9 ANTS : photo d&#8217;identit\u00e9"},"content":{"rendered":"<p><span><a href=\"https:\/\/gb-studiophoto.com\/wp-content\/uploads\/2024\/09\/photo-identite-toulouse-31200-gb-studiophoto-nano.jpg\" target=\"_blank\" rel=\"noopener\"><img decoding=\"async\" alt=\"planche photo identite de gb studio photo a toulouse 31200\" data-id=\"3425\" width=\"0\" data-init-width=\"2048\" height=\"0\" data-init-height=\"1365\" src=\"https:\/\/gb-studiophoto.com\/wp-content\/uploads\/2024\/09\/photo-identite-toulouse-31200-gb-studiophoto-nano.jpg\" data-link-wrap=\"true\" data-width=\"0\" data-height=\"0\" style=\"aspect-ratio: auto 2048 \/ 1365;\" loading=\"lazy\"><\/a><\/span><span style=\"\"><img decoding=\"async\" alt=\"logo photo d'identite conforme \u00e0 l'administration francaise\" data-id=\"3406\" width=\"225\" data-init-width=\"225\" height=\"225\" data-init-height=\"225\" src=\"https:\/\/gb-studiophoto.com\/wp-content\/uploads\/2024\/09\/logo-conforme.png\" data-link-wrap=\"true\" data-width=\"225\" data-height=\"225\" style=\"aspect-ratio: auto 225 \/ 225;\" ml-m=\"-1.9531000000000063\" mt-m=\"0\" loading=\"lazy\"><\/span><\/p>\n<p style=\"text-align: center;\">&#8211; Photographe agr\u00e9\u00e9 ANTS &nbsp;&#8211;<span style=\"text-transform: none !important;\"><\/span><\/p>\n<p style=\"text-align: center;\"><span style=\"letter-spacing: 0px; font-size: 18px !important;\">\u25baPhoto Carte d&#8217;identit\u00e9 (CNI) (b\u00e9b\u00e9 \/ enfant \/ adulte)<\/span><\/p>\n<p style=\"text-align: center;\"><span style=\"letter-spacing: 0px;\"><span style=\"font-size: 18px !important;\">\u25ba Photo d&#8217;identit\u00e9 Passeport fran\u00e7ais et \u00e9trangers<\/span><\/span><\/p>\n<p style=\"text-align: center;\"><span style=\"letter-spacing: 0px;\"><span style=\"font-size: 18px !important;\">\u25ba Photo d&#8217;identit\u00e9 Permis de conduire (voiture \/ moto \/ poids lourds) ANTS<\/span><\/span><\/p>\n<p style=\"text-align: center;\"><span style=\"letter-spacing: 0px; font-size: 18px !important;\">\u25ba Photo d&#8217;identit\u00e9 Titre de s\u00e9jour \/ Carte de s\u00e9jour<\/span><\/p>\n<p style=\"text-align: center;\"><span style=\"font-size: 17px !important;\">Photographies garanties aux normes en vigueur \/ Satisfaction client garantie&nbsp;<\/span><\/p>\n<p style=\"text-align: center;\"><span style=\"font-size: 17px !important;\">100% accept\u00e9e ou refait<\/span><\/p>\n<p><span><img decoding=\"async\" alt=\"ANTS Agence nationale des titres s\u00e9curis\u00e9s\" data-id=\"3407\" width=\"255\" data-init-width=\"752\" height=\"266\" data-init-height=\"784\" src=\"https:\/\/gb-studiophoto.com\/wp-content\/uploads\/2024\/09\/ANTS-photos-didentite-ephoto-Smartphone-iD-1.png\" data-link-wrap=\"true\" data-width=\"255\" data-height=\"266\" style=\"aspect-ratio: auto 752 \/ 784;\" loading=\"lazy\"><\/span><\/p>\n<p style=\"text-align: center;\">Photographe agr\u00e9\u00e9 ANTS&nbsp;<\/p>\n<p style=\"text-align: left;\"><span style=\"font-size: 15px !important;\">\u25ba Photo Carte d&#8217;identit\u00e9 (CNI)&nbsp;<\/span><\/p>\n<p style=\"text-align: left;\"><span style=\"font-size: 15px !important;\">(b\u00e9b\u00e9 \/ enfant \/ adulte)&nbsp;<\/span><\/p>\n<p style=\"text-align: left;\"><span style=\"font-size: 15px !important;\">\u25ba Photo d&#8217;identit\u00e9 Passeport fran\u00e7ais et<\/span><\/p>\n<p style=\"text-align: left;\"><span style=\"font-size: 15px !important;\">\u00e9trangers&nbsp;<\/span><\/p>\n<p style=\"text-align: left;\"><span style=\"font-size: 15px !important;\">\u25ba Photo d&#8217;identit\u00e9 permis de conduire&nbsp;<\/span><\/p>\n<p style=\"text-align: left;\"><span style=\"font-size: 15px !important;\">(voiture \/ moto \/ poids lourds) ANTS<\/span><\/p>\n<p style=\"text-align: left;\"><span style=\"font-size: 15px !important;\">\u25ba Photo d&#8217;identit\u00e9 Titre de s\u00e9jour \/&nbsp;<\/span><\/p>\n<p style=\"text-align: left;\"><span style=\"font-size: 15px !important;\">Carte de s\u00e9jour<\/span><\/p>\n<p style=\"text-align: center;\"><span style=\"\">Photographies garanties aux normes en vigueur \/ Satisfaction client garantie&nbsp;<\/span><\/p>\n<p style=\"text-align: center;\"><span style=\"\">100% accept\u00e9e ou refait<\/span><\/p>\n<p><span><a href=\"https:\/\/gb-studiophoto.com\/wp-content\/uploads\/2024\/09\/ANTS-photos-didentite-ephoto-Smartphone-iD-1.png\" target=\"_blank\" rel=\"noopener\"><img decoding=\"async\" alt=\"ANTS Agence nationale des titres s\u00e9curis\u00e9s\" data-id=\"3407\" width=\"187\" data-init-width=\"752\" height=\"195\" data-init-height=\"784\" src=\"https:\/\/gb-studiophoto.com\/wp-content\/uploads\/2024\/09\/ANTS-photos-didentite-ephoto-Smartphone-iD-1.png\" data-link-wrap=\"true\" data-width=\"187\" data-height=\"195\" style=\"aspect-ratio: auto 752 \/ 784;\" loading=\"lazy\"><\/a><\/span><\/p>\n<p style=\"\">Photographe habilit\u00e9 \u00e0 la e-signature \u00e9lectronique (ANTS), je r\u00e9alise vos photos d&#8217;identit\u00e9 fran\u00e7aise et \u00e9trang\u00e8re pour les adultes, les enfants et les b\u00e9b\u00e9s \/ nourissons. En tant que professionnel, je mets tout en \u0153uvre pour vous d\u00e9livrer des photos d&#8217;identit\u00e9 conformes aux normes en vigueur. Tous les points pour \u00e9viter le refus de votr<span style=\"--tcb-applied-color: rgb(98, 98, 98)   !important; color: rgb(98, 98, 98) !important;\">e pho<\/span>to d&#8217;identit\u00e9 lors de vos d\u00e9marches, sont abord\u00e9s avant la prise de vue : vous n&#8217;avez plus qu&#8217;\u00e0 vous laisser guider ! Chez GB Studio Photo, vous ne prenez aucun risque, car <strong>notre service est garanti \u00e0 100%<\/strong> : si l&#8217;administration vous refuse votre photo d&#8217;identit\u00e9 (d\u00e9tail important que les photomatons ne vous expliquent pas\u202f!), nous vous la refaisons gratuitement.Nous travaillons <a href=\"https:\/\/gb-studiophoto.com\/contact\/\" target=\"_blank\" style=\"outline: none;\" data-tcb_hover_state_parent=\"\" rel=\"noopener\"><strong><span style=\"text-decoration: underline;\">uniquement sur rendez-vous<\/span><\/strong><\/a> : vous pouvez nous contacter directement par t\u00e9l\u00e9phone au <em><strong>07.67.12.97.10<\/strong><\/em> (du lundi au samedi de 9h \u00e0 18h).&nbsp;<\/p>\n<h2 style=\"\"><span><span style=\"text-decoration: underline;\">Nos prestations photos d&#8217;identit\u00e9 (pour adulte, enfant, b\u00e9b\u00e9) sur Toulouse (31200) et Blagnac (31700), aux normes fran\u00e7aises ( Norme ISO\/IEC 19794-5 : 2005) et \u00e9trang\u00e8res<\/span> : <\/span><\/h2>\n<p style=\"text-align: center;\">(Pour plus d&#8217;informations, cliquez sur chaque rubrique)<\/p>\n<p style=\"\">&#8211; <a href=\"https:\/\/gb-studiophoto.com\/photo-passeport-francais-toulouse\/\" target=\"_blank\" style=\"outline: none;\" data-tcb_hover_state_parent=\"\" rel=\"noopener\">Photo Passeport fran\u00e7ais <\/a><span style=\"font-size: 16px !important;\">&#8211; <\/span><a href=\"https:\/\/gb-studiophoto.com\/photographe-carte-identite-blagnac\/\" target=\"_blank\" style=\"outline: none;\" data-tcb_hover_state_parent=\"\" rel=\"noopener\"><span style=\"font-size: 16px !important;\">Photo Carte nationale d&#8217;identit\u00e9 fran\u00e7aise (CNI)<\/span><\/a><span style=\"font-size: 16px !important;\">&#8211; <\/span><a href=\"https:\/\/gb-studiophoto.com\/photo-permis-de-conduire-ants-toulouse\/\" target=\"_blank\" style=\"outline: none;\" data-tcb_hover_state_parent=\"\" rel=\"noopener\"><span style=\"font-size: 16px !important;\">Photo Permis de conduire avec signature \u00e9lectronique et g\u00e9n\u00e9ration de code unique e-photo (ANTS)<\/span><\/a><span style=\"font-size: 16px !important;\"> &#8211; <\/span><a href=\"https:\/\/gb-studiophoto.com\/photo-visa-voyage-blagnac\/\" target=\"_blank\" style=\"outline: none;\" data-tcb_hover_state_parent=\"\" rel=\"noopener\"><span style=\"font-size: 16px !important;\">Photo Visa (Etats-Unis, Chine, Inde, Isra\u00ebl, Alg\u00e9rie, &#8230;)<\/span><\/a><span style=\"font-size: 16px !important;\"> &nbsp;&#8211; <\/span><a href=\"https:\/\/gb-studiophoto.com\/photographe-passeport-etranger-toulouse\/\" target=\"_blank\" style=\"outline: none;\" data-tcb_hover_state_parent=\"\" rel=\"noopener\"><span style=\"font-size: 16px !important;\">Photo Passeports \u00e9trangers<\/span><\/a><span style=\"font-size: 16px !important;\">&#8211; <\/span><a href=\"https:\/\/gb-studiophoto.com\/photo-titre-de-sejour-toulouse\/\" target=\"_blank\" style=\"outline: none;\" data-tcb_hover_state_parent=\"\" rel=\"noopener\"><span style=\"font-size: 16px !important;\">Photo Titre de s\u00e9jour \/ VLS-TS \/ Autorisation de travail \/ DCEM (document de circulation pour \u00e9ranger mineur) \/ TVE \/ Demande de nationalit\u00e9 fran\u00e7aise &nbsp;(ANEF)<\/span><\/a><span style=\"font-size: 16px !important;\"> &#8211; <\/span><a href=\"https:\/\/gb-studiophoto.com\/photo-carte-professionnelle-vtc-toulouse\/\" target=\"_blank\" style=\"outline: none;\" data-tcb_hover_state_parent=\"\" rel=\"noopener\"><span style=\"font-size: 16px !important;\">Photo Carte professionnelle pour les VTC (V\u00e9hicule de Tourisme avec Chauffeur)<\/span><\/a><span style=\"font-size: 16px !important;\"> &nbsp;&#8211; <\/span><a href=\"https:\/\/gb-studiophoto.com\/photo-carte-bus-tisseo-toulouse\/\" target=\"_blank\" style=\"outline: none;\" data-tcb_hover_state_parent=\"\" rel=\"noopener\"><span style=\"font-size: 16px !important;\">Photo Carte de bus Tiss\u00e9o<\/span><span style=\"font-size: 16px !important;\">&nbsp;\/ Transports scolaires<\/span><\/a><span style=\"font-size: 16px !important;\"> &nbsp;&#8211; <\/span><a href=\"https:\/\/gb-studiophoto.com\/photo-carte-vitale-toulouse\/\" target=\"_blank\" style=\"outline: none;\" data-tcb_hover_state_parent=\"\" rel=\"noopener\"><span style=\"font-size: 16px !important;\">Photo Carte vitale (CPAM &#8211; Am\u00e9li)<\/span><\/a><span style=\"font-size: 16px !important;\"> &nbsp; &#8211; <\/span><a href=\"https:\/\/gb-studiophoto.com\/photo-ecole-scolaire-enfant-toulouse\/\" target=\"_blank\" style=\"outline: none;\" data-tcb_hover_state_parent=\"\" rel=\"noopener\"><span style=\"font-size: 16px !important;\">Photo Ecole \/ dossier rentr\u00e9e scolaire<\/span><\/a><span style=\"font-size: 16px !important;\"> &#8211; <\/span><a href=\"https:\/\/gb-studiophoto.com\/photo-pro-cv-linkedin-toulouse\/\" target=\"_blank\" style=\"outline: none;\" data-tcb_hover_state_parent=\"\" rel=\"noopener\"><span style=\"font-size: 16px !important;\">Photo C.V professionnel Linkedin (particulier et entreprise)<\/span><\/a><\/p>\n<\/p>\n<p>Photographe habilit\u00e9 \u00e0 la e-signature \u00e9lectronique (ANTS), je r\u00e9alise vos photos d&#8217;identit\u00e9 fran\u00e7aise et \u00e9trang\u00e8re pour les adultes, les enfants et les b\u00e9b\u00e9s \/ nourissons. En tant que professionnel, je mets tout en \u0153uvre pour vous d\u00e9livrer des photos d&#8217;identit\u00e9 conformes aux normes en vigueur. Tous les points pour \u00e9viter le refus de votre photo d&#8217;identit\u00e9 lors de vos d\u00e9marches, sont abord\u00e9s avant la prise de vue : vous n&#8217;avez plus qu&#8217;\u00e0 vous laisser guider ! Chez GB Studio Photo, vous ne prenez aucun risque, car <strong>notre service est garanti \u00e0 100%<\/strong> : si l&#8217;administration vous refuse votre photo d&#8217;identit\u00e9 (d\u00e9tail important que les photomatons ne vous expliquent pas\u202f!), nous vous la refaisons gratuitement.Nous travaillons <a href=\"https:\/\/gb-studiophoto.com\/contact\/\" target=\"_blank\" style=\"outline: none;\" rel=\"noopener\"><strong><span style=\"text-decoration: underline;\">uniquement sur rendez-vous<\/span><\/strong><\/a> : vous pouvez nous contacter directement par t\u00e9l\u00e9phone au <em><strong>07.67.12.97.10<\/strong><\/em> (du lundi au samedi de 9h \u00e0 18h).&nbsp;<\/p>\n<h1 style=\"\"><span><span style=\"text-decoration: underline;\">Nos prestations<span> <\/span>photos d&#8217;identit\u00e9 (pour adulte,enfant, b\u00e9b\u00e9) sur Toulouse (31200) et Blagnac (31700), aux normes fran\u00e7aises (Norme ISO\/IEC 19794-5 : 2005) et \u00e9trang\u00e8res<\/span><span style=\"text-decoration: none;\"> :<\/span><\/span><\/h1>\n<p style=\"text-align: center;\">(Pour plus d&#8217;informations, cliquez sur chaque rubrique)<\/p>\n<p style=\"\">&#8211; <a href=\"https:\/\/gb-studiophoto.com\/photo-passeport-francais-toulouse\/\" target=\"_blank\" style=\"outline: none;\" data-tcb_hover_state_parent=\"\" rel=\"noopener\">Photo Passeport fran\u00e7ais <\/a><span style=\"font-size: 16px !important;\">&#8211; <\/span><a href=\"https:\/\/gb-studiophoto.com\/photographe-carte-identite-blagnac\/\" target=\"_blank\" style=\"outline: none;\" data-tcb_hover_state_parent=\"\" rel=\"noopener\"><span style=\"font-size: 16px !important;\">Photo Carte nationale d&#8217;identit\u00e9 fran\u00e7aise (CNI)<\/span><\/a><span style=\"font-size: 16px !important;\"><\/span><span style=\"font-size: 16px !important;\">&#8211; <\/span><a href=\"https:\/\/gb-studiophoto.com\/photo-permis-de-conduire-ants-toulouse\/\" target=\"_blank\" style=\"outline: none;\" data-tcb_hover_state_parent=\"\" rel=\"noopener\"><span style=\"font-size: 16px !important;\">Photo Permis de conduire avec signature \u00e9lectronique et g\u00e9n\u00e9ration de code unique e-photo (ANTS)<\/span><\/a><span style=\"font-size: 16px !important;\"> &#8211; <\/span><a href=\"https:\/\/gb-studiophoto.com\/photo-visa-voyage-blagnac\/\" target=\"_blank\" style=\"outline: none;\" data-tcb_hover_state_parent=\"\" rel=\"noopener\"><span style=\"font-size: 16px !important;\">Photo Visa (Etats-Unis, Chine, Inde, Isra\u00ebl, Alg\u00e9rie, &#8230;)<\/span><\/a><span style=\"font-size: 16px !important;\"> &nbsp;<\/span><span style=\"font-size: 16px !important;\">&#8211; <\/span><a href=\"https:\/\/gb-studiophoto.com\/photographe-passeport-etranger-toulouse\/\" target=\"_blank\" style=\"outline: none;\" data-tcb_hover_state_parent=\"\" rel=\"noopener\"><span style=\"font-size: 16px !important;\">Photo Passeports \u00e9trangers<\/span><\/a><span style=\"font-size: 16px !important;\"><\/span><span style=\"font-size: 16px !important;\">&#8211; <\/span><a href=\"https:\/\/gb-studiophoto.com\/photo-titre-de-sejour-toulouse\/\" target=\"_blank\" style=\"outline: none;\" data-tcb_hover_state_parent=\"\" rel=\"noopener\"><span style=\"font-size: 16px !important;\">Photo Titre de s\u00e9jour \/ VLS-TS \/ Autorisation de travail \/ DCEM (document de circulation pour \u00e9tranger mineur) \/ TVE \/ Demande de nationalit\u00e9 fran\u00e7aise &nbsp;(ANEF)<\/span><\/a><span style=\"font-size: 16px !important;\"> &#8211; <\/span><a href=\"https:\/\/gb-studiophoto.com\/photo-carte-professionnelle-vtc-toulouse\/\" target=\"_blank\" style=\"outline: none;\" data-tcb_hover_state_parent=\"\" rel=\"noopener\"><span style=\"font-size: 16px !important;\">Photo Carte professionnelle pour les VTC (V\u00e9hicule de Tourisme avec Chauffeur)<\/span><\/a><span style=\"font-size: 16px !important;\"> &nbsp;<\/span><span style=\"font-size: 16px !important;\">&#8211; <\/span><a href=\"https:\/\/gb-studiophoto.com\/photo-carte-bus-tisseo-toulouse\/\" target=\"_blank\" style=\"outline: none;\" data-tcb_hover_state_parent=\"\" rel=\"noopener\"><span style=\"font-size: 16px !important;\">Photo Carte de bus Tiss\u00e9o \/ Transports Scolaires<\/span><\/a><span style=\"font-size: 16px !important;\"> &nbsp;<\/span><\/p>\n<p style=\"\"><span style=\"font-size: 16px !important;\"><\/span><span style=\"font-size: 16px !important;\">&#8211; <\/span><a href=\"https:\/\/gb-studiophoto.com\/photo-carte-vitale-toulouse\/\" target=\"_blank\" style=\"outline: none;\" data-tcb_hover_state_parent=\"\" rel=\"noopener\"><span style=\"font-size: 16px !important;\">Photo Carte vitale (CPAM &#8211; Am\u00e9li)<\/span><\/a><span style=\"font-size: 16px !important;\"><\/span><\/p>\n<p style=\"\"><span style=\"font-size: 16px !important;\">&nbsp; &nbsp;&#8211; <\/span><a href=\"https:\/\/gb-studiophoto.com\/photo-ecole-scolaire-enfant-toulouse\/\" target=\"_blank\" style=\"outline: none;\" data-tcb_hover_state_parent=\"\" rel=\"noopener\"><span style=\"font-size: 16px !important;\">Photo Ecole \/ dossier rentr\u00e9e scolaire<\/span><\/a><span style=\"font-size: 16px !important;\"> &#8211; <\/span><a href=\"https:\/\/gb-studiophoto.com\/photo-pro-cv-linkedin-toulouse\/\" target=\"_blank\" style=\"outline: none;\" data-tcb_hover_state_parent=\"\" rel=\"noopener\"><span style=\"font-size: 16px !important;\">Photo C.V professionnel Linkedin (particulier et entreprise)<\/span><\/a><\/p>\n<p style=\"\">\n<p style=\"text-align: center;\"><strong>Toutes les r\u00e9ponses \u00e0 vos questions&nbsp;<\/strong><\/p>\n<p><a href=\"https:\/\/www.google.fr\/maps\/place\/GB+Studio+Photo\/@43.6114291,1.4084532,16.5z\/data=!4m8!3m7!1s0x12aebb0170910a7d:0x952df505e81e6f1e!8m2!3d43.6132459!4d1.4091311!9m1!1b1!16s%2Fg%2F11s8hlc_06?entry=ttu&amp;g_ep=EgoyMDI0MDkxNy4wIKXMDSoASAFQAw%3D%3D\" target=\"_blank\" rel=\"noopener\"><\/p>\n<p style=\"text-align: center;\">ce que pensent nos clients<\/p>\n<p style=\"\">RDV pour les photos d&#8217;identit\u00e9 de ma fille de 3 ans. Le photographe est tr\u00e8s agr\u00e9able et professionnel. Tr\u00e8s gentil avec les enfants. Les photos sont TOP et propose m\u00eame de les refaire s&#8217;il y a un soucis. Merci <img decoding=\"async\" role=\"img\" alt=\"\ud83d\udc4d\" src=\"https:\/\/s.w.org\/images\/core\/emoji\/15.0.3\/svg\/1f44d.svg\" loading=\"lazy\"> \u2026<\/p>\n<p style=\"\"><strong>Marina BLGN<\/strong><span style=\"font-size: 12px; color: rgb(153, 153, 153);\"><\/span><\/p>\n<p style=\"\">Superbe exp\u00e9rience, je cherchais un photographe pour ma fille \u00e2g\u00e9e de 4 ans afin de faire sa premi\u00e8re photo d identit\u00e9. La s\u00e9ance s &#8216;est tr\u00e8s bien pass\u00e9e, \u00e0 l&#8217;\u00e9coute de l&#8217;enfant, patient. Il n&#8217;h\u00e9site pas \u00e0 refaire la photo pour avoir la meilleure possible. Tarif tr\u00e8s correcte (12 \u20ac la planche de 6 photos) et m\u00eame \u00e0 la suite de la s\u00e9ance, on lui a propos\u00e9 des jouets, un chocolat et de l&#8217;eau afin de patienter pour le tirage. Je recommande !!!<\/p>\n<p style=\"\"><strong>Laure CHOFFAT<\/strong><span style=\"font-size: 12px; color: rgb(153, 153, 153);\"><\/span><\/p>\n<p style=\"\">Tr\u00e8s satisfait du service, tr\u00e8s professionnel et accueillant. Je recommande vivement.<\/p>\n<p style=\"\"><strong>\u00c0lex Blasco Bras\u00f3<\/strong><\/p>\n<p><\/a><a href=\"https:\/\/www.google.fr\/maps\/place\/GB+Studio+Photo\/@43.6114291,1.4084532,16.5z\/data=!4m8!3m7!1s0x12aebb0170910a7d:0x952df505e81e6f1e!8m2!3d43.6132459!4d1.4091311!9m1!1b1!16s%2Fg%2F11s8hlc_06?entry=ttu&amp;g_ep=EgoyMDI0MDkxNy4wIKXMDSoASAFQAw%3D%3D\" target=\"_blank\" rel=\"noopener\"><\/p>\n<p style=\"\">C&#8217;\u00e9tait un plaisir d&#8217;avoir rencontr\u00e9 Ga\u00ebl et Lan pour mes photos. J&#8217;ai ador\u00e9 toutes mes photos! Ils sont tr\u00e8s gentils, attentionn\u00e9s, des gens en or. Ils m&#8217;ont fait me sentir \u00e0 l&#8217;aise et m&#8217;ont tr\u00e8s bien accueillie. Je reviendrai c&#8217;est s\u00fbr, et je recommande fortement! 100 ETOILES!!! Merci beaucoup du fond du c\u0153ur!<\/p>\n<p style=\"\"><strong>nadine de lima<\/strong><\/p>\n<p style=\"\">Un tr\u00e8s bon studio photo. Le photographe \u00e9tait tr\u00e8s professionnel, tr\u00e8s attentif \u00e0 mes besoins et j&#8217;ai \u00e9t\u00e9 tr\u00e8s satisfaite des photos que j&#8217;ai obtenues. Une tr\u00e8s bonne exp\u00e9rience !<\/p>\n<p style=\"\"><strong>Xiaotong QiN<\/strong><\/p>\n<p style=\"\">Tr\u00e8s bonne exp\u00e9rience. Des gens super sympas et professionnels. Ils ont de la patience envers les enfants et ont \u00e0 c\u0153ur de faire un travail impeccable.<\/p>\n<p><strong>Pahola Acevedo<\/strong><\/p>\n<p><\/a><\/p>\n","protected":false},"excerpt":{"rendered":"<p>&#8211; Photographe agr\u00e9\u00e9 ANTS &nbsp;&#8211; \u25baPhoto Carte d&#8217;identit\u00e9 (CNI) (b\u00e9b\u00e9 \/ enfant \/ adulte) \u25ba Photo d&#8217;identit\u00e9 Passeport fran\u00e7ais et \u00e9trangers \u25ba Photo d&#8217;identit\u00e9 Permis de conduire (voiture \/ moto \/ poids lourds) ANTS \u25ba Photo d&#8217;identit\u00e9 Titre de s\u00e9jour \/ Carte de s\u00e9jour Photographies garanties aux normes en vigueur \/ Satisfaction client garantie&nbsp; 100% [&hellip;]<\/p>\n","protected":false},"author":1,"featured_media":3414,"parent":0,"menu_order":0,"comment_status":"closed","ping_status":"closed","template":"template-full-width.php","meta":{"ngg_post_thumbnail":0,"footnotes":""},"class_list":["post-3370","page","type-page","status-publish","has-post-thumbnail","hentry"],"_links":{"self":[{"href":"https:\/\/gb-studiophoto.com\/en\/wp-json\/wp\/v2\/pages\/3370","targetHints":{"allow":["GET"]}}],"collection":[{"href":"https:\/\/gb-studiophoto.com\/en\/wp-json\/wp\/v2\/pages"}],"about":[{"href":"https:\/\/gb-studiophoto.com\/en\/wp-json\/wp\/v2\/types\/page"}],"author":[{"embeddable":true,"href":"https:\/\/gb-studiophoto.com\/en\/wp-json\/wp\/v2\/users\/1"}],"replies":[{"embeddable":true,"href":"https:\/\/gb-studiophoto.com\/en\/wp-json\/wp\/v2\/comments?post=3370"}],"version-history":[{"count":90,"href":"https:\/\/gb-studiophoto.com\/en\/wp-json\/wp\/v2\/pages\/3370\/revisions"}],"predecessor-version":[{"id":3777,"href":"https:\/\/gb-studiophoto.com\/en\/wp-json\/wp\/v2\/pages\/3370\/revisions\/3777"}],"wp:featuredmedia":[{"embeddable":true,"href":"https:\/\/gb-studiophoto.com\/en\/wp-json\/wp\/v2\/media\/3414"}],"wp:attachment":[{"href":"https:\/\/gb-studiophoto.com\/en\/wp-json\/wp\/v2\/media?parent=3370"}],"curies":[{"name":"wp","href":"https:\/\/api.w.org\/{rel}","templated":true}]}}