{"id":2895,"date":"2021-10-06T13:51:44","date_gmt":"2021-10-06T11:51:44","guid":{"rendered":"http:\/\/gb-studiophoto.com\/?page_id=2895"},"modified":"2023-09-25T16:38:56","modified_gmt":"2023-09-25T14:38:56","slug":"noel-2","status":"publish","type":"page","link":"https:\/\/gb-studiophoto.com\/zh\/noel-2\/","title":{"rendered":"L&#8217;atelier du P\u00e8re No\u00ebl"},"content":{"rendered":"<h1 style=\"text-align: center;\"><span style=\"color: #ff0000;\"><strong>L&#8217;atelier magique du P\u00e8re No\u00ebl<br><span style=\"color: #000000;\">&#8211; Imaginez un endroit o\u00f9 la magie de no\u00ebl existe vraiment&#8230; &#8211;<br><\/span><\/strong><\/span><\/h1>\n<p style=\"text-align: center;\"><strong>R\u00e9servation s\u00e9ance photo de No\u00ebl (avec le P\u00e8re No\u00ebl) <\/strong>: <span style=\"color: #3366ff;\"><a style=\"color: #3366ff;\" href=\"https:\/\/forms.gle\/4yFsaKkrru2U41aY6\"><strong>cliquez ici<\/strong><\/a><br>( \/!\\ <span style=\"text-decoration: underline;\">Nombre de places limit\u00e9es<\/span> )<\/span><\/p>\n<p><\/p>\n<p><\/p><center><iframe loading=\"lazy\" title=\"YouTube video player\" src=\"https:\/\/www.youtube.com\/embed\/juJnI3cCcqI\" allowfullscreen=\"allowfullscreen\" width=\"720\" height=\"475\" frameborder=\"0\"><\/iframe><p><\/p>\n<p>&nbsp;<\/p>\n<p><\/p>\n<p><\/p><\/center><p><\/p>\n\n\n<div class=\"wp-block-columns is-layout-flex wp-container-core-columns-is-layout-1 wp-block-columns-is-layout-flex\">\n<div class=\"wp-block-column is-layout-flow wp-block-column-is-layout-flow\">\n<p>Cette ann\u00e9e, le P\u00e8re No\u00ebl vous invite dans son <strong>atelier magique<\/strong>. Votre enfant sera plong\u00e9 imm\u00e9diatement dans la magie de No\u00ebl, \u00e0 travers une v\u00e9ritable session photographique d&#8217;une vingtaine de minutes exclusives avec le P\u00e8re No\u00ebl en personne.<\/p>\n<p><strong>Une rencontre individuelle et privil\u00e9gi\u00e9e<\/strong>, sans stress et interactive, o\u00f9 votre enfant pourra v\u00e9rifier si son pr\u00e9nom est bien pr\u00e9sent sur la liste des enfants sages, jeter un coup d&#8217;\u0153il dans la hotte du p\u00e8re no\u00ebl, observer le pole nord sur le globe magique, se laisser conter une histoire ou encore d\u00e9guster de d\u00e9licieux cookies avec un verre de lait.<\/p>\n<p>Imaginez l&#8217;\u00e9motion de votre enfant lorsque le P\u00e8re No\u00ebl l&#8217;invitera \u00e0 l&#8217;aider \u00e0 finir de concevoir les jouets \u00e0 l&#8217;aide de sa poudre magique.<\/p>\n<p><strong><em>Plus qu&#8217;une exp\u00e9rience, un souvenir de toute une vie<\/em><\/strong>&#8230;<\/p>\n<\/div>\n\n\n\n<div class=\"wp-block-column is-layout-flow wp-block-column-is-layout-flow\">\n<figure class=\"wp-block-image size-large is-style-default img2col\"><a href=\"http:\/\/gb-studiophoto.com\/wp-content\/uploads\/2021\/11\/Photographe-pere-noel-enfant.jpg\"><img loading=\"lazy\" decoding=\"async\" width=\"1024\" height=\"683\" src=\"http:\/\/gb-studiophoto.com\/wp-content\/uploads\/2021\/11\/Photographe-pere-noel-enfant-1024x683.jpg\" alt=\"\" class=\"wp-image-2966\" srcset=\"https:\/\/gb-studiophoto.com\/wp-content\/uploads\/2021\/11\/Photographe-pere-noel-enfant-1024x683.jpg 1024w, https:\/\/gb-studiophoto.com\/wp-content\/uploads\/2021\/11\/Photographe-pere-noel-enfant-300x200.jpg 300w, https:\/\/gb-studiophoto.com\/wp-content\/uploads\/2021\/11\/Photographe-pere-noel-enfant.jpg 1200w\" sizes=\"auto, (max-width: 1024px) 100vw, 1024px\" \/><\/a><\/figure>\n\n\n\n<p><\/p>\n<\/div>\n<\/div>\n\n\n\n<div class=\"wp-block-columns is-layout-flex wp-container-core-columns-is-layout-2 wp-block-columns-is-layout-flex\">\n<div class=\"wp-block-column is-layout-flow wp-block-column-is-layout-flow\">\n<figure class=\"wp-block-image size-large is-style-default img2col\"><a href=\"http:\/\/gb-studiophoto.com\/wp-content\/uploads\/2021\/11\/Toulouse-pere-noel-photo.jpg\"><img loading=\"lazy\" decoding=\"async\" width=\"1024\" height=\"683\" src=\"http:\/\/gb-studiophoto.com\/wp-content\/uploads\/2021\/11\/Toulouse-pere-noel-photo-1024x683.jpg\" alt=\"\" class=\"wp-image-2967\" srcset=\"https:\/\/gb-studiophoto.com\/wp-content\/uploads\/2021\/11\/Toulouse-pere-noel-photo-1024x683.jpg 1024w, https:\/\/gb-studiophoto.com\/wp-content\/uploads\/2021\/11\/Toulouse-pere-noel-photo-300x200.jpg 300w, https:\/\/gb-studiophoto.com\/wp-content\/uploads\/2021\/11\/Toulouse-pere-noel-photo.jpg 1200w\" sizes=\"auto, (max-width: 1024px) 100vw, 1024px\" \/><\/a><\/figure>\n<\/div>\n\n\n\n<div class=\"wp-block-column is-layout-flow wp-block-column-is-layout-flow\">\n<p>Nous sommes ravis de vous proposer <strong>un concept original , unique et magique<\/strong> qui va \u00e9merveiller vos enfants, petits et grands.<\/p>\n<p>Notre p\u00e8re no\u00ebl plus vrai que nature (vraie barbe, costume traditionnel confectionn\u00e9 sur mesure), ainsi que le d\u00e9cor cr\u00e9\u00e9 pour l&#8217;occasion va vous immerger directement dans l&#8217;ambiance cosy de No\u00ebl.<br>Chaque photo sera retravaill\u00e9e, embellie et agr\u00e9ment\u00e9e de poudre magique pour les transformer en <strong>v\u00e9ritable \u0153uvres d&#8217;art<\/strong>.<\/p>\n<p>Mais la magie ne s&#8217;arr\u00eate pas l\u00e0. <strong>Nous avons imagin\u00e9 et con\u00e7us un album photo unique et personnalis\u00e9 pour votre enfant<\/strong>. Un album de grande qualit\u00e9, agr\u00e9ment\u00e9 de contes de no\u00ebl o\u00f9 votre enfant sera au c\u0153ur de l&#8217;histoire. Un livre intemporel, pour continuer \u00e0 faire r\u00eaver votre enfant et ne jamais oublier ce moment magique.<\/p>\n<p><em><strong>Un v\u00e9ritable h\u00e9ritage photographique qui traversera les g\u00e9n\u00e9rations.<\/strong><\/em><\/p>\n<\/div>\n<\/div>\n\n\n<h2 style=\"text-align: center;\"><a href=\"https:\/\/forms.gle\/4yFsaKkrru2U41aY6\"><span style=\"color: #0000ff;\"><span style=\"color: #3366ff;\">Je r\u00e9serve ma place pour mon enfant<\/span><\/span><\/a><\/h2>\n\n\n<hr class=\"wp-block-separator has-css-opacity is-style-wide\"\/>\n\n\n<h2 style=\"text-align: center;\"><strong>*** <span style=\"text-decoration: underline;\">Galerie<\/span> ***<\/strong><\/h2>\n\n\nngg_shortcode_0_placeholder\n\n\n<h2 style=\"text-align: center;\"><span style=\"color: #3366ff;\"><a style=\"color: #3366ff;\" href=\"https:\/\/forms.gle\/4yFsaKkrru2U41aY6\" data-wplink-edit=\"true\">Je souhaite r\u00e9server ma place<\/a> <\/span><\/h2>\n\n\n<hr class=\"wp-block-separator has-css-opacity is-style-wide\"\/>\n\n\n<h2 style=\"text-align: center;\"><strong>*** <span style=\"text-decoration: underline;\">T\u00e9moignages<\/span> ***<\/strong><\/h2>\n\n\n<div class=\"wp-block-columns is-layout-flex wp-container-core-columns-is-layout-3 wp-block-columns-is-layout-flex\">\n<div class=\"wp-block-column is-layout-flow wp-block-column-is-layout-flow\">\n<figure class=\"wp-block-embed is-type-video is-provider-youtube wp-block-embed-youtube wp-embed-aspect-16-9 wp-has-aspect-ratio\"><div class=\"wp-block-embed__wrapper\">\n<iframe loading=\"lazy\" title=\"Interview Sona [www.gb-studiophoto.com\/noel]\" width=\"700\" height=\"394\" src=\"https:\/\/www.youtube.com\/embed\/K8p7aSJVSSU?feature=oembed\" frameborder=\"0\" allow=\"accelerometer; autoplay; clipboard-write; encrypted-media; gyroscope; picture-in-picture; web-share\" allowfullscreen><\/iframe>\n<\/div><\/figure>\n\n\n\n<p class=\"has-text-align-center\">&#8220;<strong>C&#8217;est vraiment magique pour les enfants.<br>Les histoires sont int\u00e9ressantes, c&#8217;est comme en vrai !<br>Pour les enfants c&#8217;est obligatoire , toute la vie \u00e7a va rester avec eux.<\/strong>&#8220;<\/p>\n<\/div>\n\n\n\n<div class=\"wp-block-column is-layout-flow wp-block-column-is-layout-flow\">\n<figure class=\"wp-block-embed is-type-video is-provider-youtube wp-block-embed-youtube wp-embed-aspect-16-9 wp-has-aspect-ratio\"><div class=\"wp-block-embed__wrapper\">\n<iframe loading=\"lazy\" title=\"Interview Suling [www.gb-studiophoto.com\/noel]\" width=\"700\" height=\"394\" src=\"https:\/\/www.youtube.com\/embed\/32AAxtDxZ3w?feature=oembed\" frameborder=\"0\" allow=\"accelerometer; autoplay; clipboard-write; encrypted-media; gyroscope; picture-in-picture; web-share\" allowfullscreen><\/iframe>\n<\/div><\/figure>\n\n\n\n<p class=\"has-text-align-center\">&#8220;<strong>C&#8217;est une tr\u00e8s bonne exp\u00e9rience. Je trouve c&#8217;est bien fait.<br>Il faut essayer, pour les enfants \u00e7a va leur faire plaisir.<\/strong>&#8220;<\/p>\n<\/div>\n\n\n\n<div class=\"wp-block-column is-layout-flow wp-block-column-is-layout-flow\"><\/div>\n<\/div>\n\n\n<h2 style=\"text-align: center;\"><span style=\"color: #3366ff;\"><a style=\"color: #3366ff;\" href=\"https:\/\/forms.gle\/4yFsaKkrru2U41aY6\">Je veux participer \u00e0 cette exp\u00e9rience magique&nbsp;<\/a><\/span><\/h2>\n\n\n<hr class=\"wp-block-separator has-css-opacity is-style-wide\"\/>\n\n\n\n<h2 class=\"has-text-align-center wp-block-heading\"><strong>*** <span style=\"text-decoration: underline;\">FAQ<\/span> ***<\/strong><\/h2>\n\n\n<p><strong>Comment je r\u00e9serve ma s\u00e9ance photo et suis-je s\u00fbr d&#8217;avoir ma place ?<\/strong><br>Vous avez juste \u00e0 vous rendre sur ce lien &#8220;<a href=\"https:\/\/forms.gle\/MA3tULTR2KtAK6mM9\">R\u00e9server ma s\u00e9ance<\/a>&#8221; et \u00e0 compl\u00e9ter le formulaire. Je vous recontacterai tr\u00e8s vite pour confirmer le rendez vous. Je traite chaque client par sa date de remplissage du formulaire de r\u00e9servation. J&#8217;attire votre attention sur le fait que le nombre de place est limit\u00e9, ne tardez donc pas !<\/p>\n<p><strong>Quelles sont les dates des s\u00e9ances ?<\/strong> <br>Les s\u00e9ances photos se d\u00e9roulent les mercredi, samedi et dimanche apr\u00e8s midi (de 14h \u00e0 17h), ainsi que la semaine du 20 au 24 d\u00e9cembre, lorsque les familles sont le plus libre. Les shooting photo d\u00e9buteront le 10 novembre pour se terminer le 24 d\u00e9cembre. Attention, nous acceptons seulement 3 enfants par date, pour assurer une exp\u00e9rience la plus immersive et qualitative possible.<\/p>\n<p><strong>O\u00f9 se d\u00e9roule la s\u00e9ance photo ?<\/strong> <br>Les s\u00e9ances photos se d\u00e9roulent \u00e0 Blagnac (31700), en studio. L&#8217;adresse exacte vous sera communiqu\u00e9e apr\u00e8s la signature du contrat.&nbsp;<\/p>\n<p><strong>Qu&#8217;est-ce qui est inclus dans la s\u00e9ance ?<\/strong> <br>Une session priv\u00e9e de 20 minutes avec le v\u00e9ritable p\u00e8re no\u00ebl \/ de d\u00e9licieux cookies avec un verre de lait \/ un choix de 3 pyjamas de 6 \u00e0 9 ans ainsi qu&#8217;une robe en velours pour fille de 7\/8 ans adapt\u00e9 \u00e0 notre d\u00e9cor de no\u00ebl.<\/p>\n<p><strong>Comment s&#8217;habiller ?<\/strong><br>Plusieurs fa\u00e7ons. <br>&#8211; En tenue hivernal (pull en laine, avec ou sans motifs\/carreaux). <br>&#8211; En tenue classe (petite robe pour les filles, pour les gar\u00e7ons&nbsp; pantalon \/ chemise, polo \/ gilet ). <br>&#8211; En pyjama (nous mettons \u00e0 votre disposition 3 pyjamas de 6 \u00e0 9 ans). <br>Les enfants seront pieds nu si ils sont en pyjama. <br>Dans tous les cas, des chaussures propres seront exig\u00e9s pour prot\u00e9ger le fond de studio.<\/p>\n<p><strong>Est-ce qu&#8217;on va voir la m\u00eame chose qu&#8217;avec le P\u00e8re No\u00ebl du supermarch\u00e9 ?<\/strong> <br>Non ! Oubliez les longues queues, les cris des enfants, la chaleur \u00e9touffante de l&#8217;attente dans l&#8217;espoir de voir un P\u00e8re No\u00ebl avec une fausse barbe quelques secondes, et recevoir un instantan\u00e9 mal \u00e9clair\u00e9 de la part de l&#8217;organisateur. <br>Votre famille b\u00e9n\u00e9ficie de 20 minutes exclusive, en studio, avec notre v\u00e9ritable P\u00e8re No\u00ebl Richard.&nbsp; <br>Nous avons choisis tr\u00e8s attentivement chaque d\u00e9coration et objet pour cr\u00e9er un environnement in\u00e9dit et unique.<br>Vos enfants vont interagir avec le P\u00e8re No\u00ebl et participer \u00e0 des activit\u00e9s amusantes.&nbsp;&nbsp; <br>&nbsp;<br><strong>Qu&#8217;est-ce qu&#8217;il se passe apr\u00e8s la s\u00e9ance ?<\/strong><br>Un rendez vous est ensuite reprogramm\u00e9 pour vous inviter \u00e0 une s\u00e9ance de visionnage en studio, pour vous pr\u00e9senter notre travail, et notre collection de produits de no\u00ebl incluant l&#8217;album photo &#8220;Story&#8221; \/ des cadres \/ toiles \/ impression sur bois. <br>Le moment parfait si vous souhaitez offrir des cadeaux qualitatifs et uniques \u00e0 votre famille.<\/p>\n<p><strong>Combien de temps faut-il attendre pour voir les photos ?<\/strong> <br>Nous nous mettons directement au travail apr\u00e8s les s\u00e9ance photos. Un d\u00e9lai de 2 semaines est n\u00e9cessaire pour vous proposer un travail le plus qualitatif possible.<\/p>\n<p><strong>Est-ce que les produits que j&#8217;ai command\u00e9 seront livr\u00e9s avant no\u00ebl<\/strong> ? <br>Nous nous engageons \u00e0 vous livrer vos produits pour toute commande pass\u00e9e avant le 5 d\u00e9cembre au plus tard. Pass\u00e9 ce d\u00e9lai, nous ne pouvons plus nous engager au risque de vous d\u00e9cevoir.&nbsp; <br>&nbsp;<\/p>\n\n\n<hr class=\"wp-block-separator has-css-opacity is-style-wide\"\/>\n\n\n<h2 style=\"text-align: center;\"><a href=\"https:\/\/forms.gle\/4yFsaKkrru2U41aY6\"><span style=\"color: #3366ff;\">Formulaire de r\u00e9servation : cliquez ici <\/span><\/a><\/h2>","protected":false},"excerpt":{"rendered":"<p>L&#8217;atelier magique du P\u00e8re No\u00ebl&#8211; Imaginez un [&hellip;]<\/p>\n","protected":false},"author":1,"featured_media":2969,"parent":0,"menu_order":0,"comment_status":"closed","ping_status":"closed","template":"template-full-width.php","meta":{"ngg_post_thumbnail":0,"footnotes":""},"class_list":["post-2895","page","type-page","status-publish","has-post-thumbnail","hentry"],"_links":{"self":[{"href":"https:\/\/gb-studiophoto.com\/zh\/wp-json\/wp\/v2\/pages\/2895","targetHints":{"allow":["GET"]}}],"collection":[{"href":"https:\/\/gb-studiophoto.com\/zh\/wp-json\/wp\/v2\/pages"}],"about":[{"href":"https:\/\/gb-studiophoto.com\/zh\/wp-json\/wp\/v2\/types\/page"}],"author":[{"embeddable":true,"href":"https:\/\/gb-studiophoto.com\/zh\/wp-json\/wp\/v2\/users\/1"}],"replies":[{"embeddable":true,"href":"https:\/\/gb-studiophoto.com\/zh\/wp-json\/wp\/v2\/comments?post=2895"}],"version-history":[{"count":72,"href":"https:\/\/gb-studiophoto.com\/zh\/wp-json\/wp\/v2\/pages\/2895\/revisions"}],"predecessor-version":[{"id":3026,"href":"https:\/\/gb-studiophoto.com\/zh\/wp-json\/wp\/v2\/pages\/2895\/revisions\/3026"}],"wp:featuredmedia":[{"embeddable":true,"href":"https:\/\/gb-studiophoto.com\/zh\/wp-json\/wp\/v2\/media\/2969"}],"wp:attachment":[{"href":"https:\/\/gb-studiophoto.com\/zh\/wp-json\/wp\/v2\/media?parent=2895"}],"curies":[{"name":"wp","href":"https:\/\/api.w.org\/{rel}","templated":true}]}}