{"id":3446,"date":"2024-11-14T14:44:13","date_gmt":"2024-11-14T12:44:13","guid":{"rendered":"https:\/\/gb-studiophoto.com\/?page_id=3446"},"modified":"2024-12-16T15:35:10","modified_gmt":"2024-12-16T13:35:10","slug":"photo-passeport-francais-toulouse","status":"publish","type":"page","link":"https:\/\/gb-studiophoto.com\/zh\/photo-passeport-francais-toulouse\/","title":{"rendered":"Photo Passeport Fran\u00e7ais"},"content":{"rendered":"<h1><span style=\"text-decoration: underline;\">Les photos d&#8217;identit\u00e9 pour les Passeports Fran\u00e7ais<\/span> :&nbsp;<\/h1>\n<h2>&gt; <span style=\"text-decoration: underline;\">Les r\u00e8gles impos\u00e9es pour les photos de Passeports<\/span> :<\/h2>\n<p style=\"font-size: 16px !important;\">Pour obtenir votre passeport fran\u00e7ais (passeport de voyage adulte, enfant ou nourrisson), il est primordial d&#8217;avoir des photos d&#8217;identit\u00e9 <strong>conformes aux normes<\/strong> strictes impos\u00e9es par l&#8217;administration. En tant que photographe professionnel bas\u00e9 \u00e0 Toulouse (31200) et Blagnac (31700), je vous propose des s\u00e9ances de photographie sp\u00e9cialement con\u00e7ues pour les passeports fran\u00e7ais, <strong>quelque soit votre \u00e2ge<\/strong> (service de passeport pour b\u00e9b\u00e9, enfant et adulte). <strong>Nos photos respectent les dimensions et les crit\u00e8res pr\u00e9cis exig\u00e9s par l&#8217;administratio<\/strong><strong>n<\/strong> fran\u00e7aise, garantissant ainsi leur acceptation d\u00e8s la premi\u00e8re soumission.<span style=\"text-decoration: underline;\">Retrouvez toutes les r\u00e8gles en vigueur ici <\/span>: <a href=\"https:\/\/www.service-public.fr\/particuliers\/vosdroits\/F10619\" target=\"_blank\" style=\"outline: none;\" data-tcb_hover_state_parent=\"\" rel=\"noopener\">les normes des prises de vue des photos d&#8217;identit\u00e9<\/a><\/p>\n<p><span><img decoding=\"async\" alt=\"Tampon avec deux passeports francais\" data-id=\"3503\" width=\"389\" data-init-width=\"966\" height=\"232\" data-init-height=\"576\" src=\"https:\/\/gb-studiophoto.com\/wp-content\/uploads\/2024\/11\/photographe-passeport-enfant-blagnac.jpg\" data-link-wrap=\"true\" data-width=\"389\" data-height=\"232\" style=\"aspect-ratio: auto 966 \/ 576;\" loading=\"lazy\"><\/span><\/p>\n<p style=\"\">Photos d&#8217;identit\u00e9 en conformit\u00e9 avec l&#8217;administration fran\u00e7aise<\/p>\n<h2>&gt; <span style=\"text-decoration: underline;\">Qu&#8217;est-ce qu&#8217;un photographe professionnel de photo de Passeport va vous apporter par rapport \u00e0 un Photomaton<\/span> ?<\/h2>\n<p><span style=\"font-size: 16px !important;\">Lors de votre s\u00e9ance, nous prendrons le temps n\u00e9cessaire pour capturer des images de qualit\u00e9, en veillant \u00e0 l&#8217;\u00e9clairage (utilisation du flash), \u00e0 la pose et aux expressions appropri\u00e9es. Nous vous expliquerons comment vous positionner afin d&#8217;obtenir <strong>la meilleure photo possible<\/strong>. <\/span><span style=\"font-size: 16px !important;\"><\/span><span style=\"font-size: 16px !important;\">Form\u00e9s sur la manipulation des b\u00e9b\u00e9s, nous pouvons r\u00e9aliser <strong>les photos de votre nourrisson d\u00e8s la naissance<\/strong>. Nous savons \u00e0 quel point \u00e7a peut \u00eatre compliqu\u00e9 pour vous, les parents, de trouver un photographe qui prenne soin de votre bout&#8217;chou. Nous utilisons <strong>des techniques adapt\u00e9es \u00e0 votre enfant<\/strong>, et prenons le temps n\u00e9cessaire pour qu&#8217;<strong>il se sente bien<\/strong>. &nbsp;<\/span><span style=\"font-size: 16px !important;\">Une fois la photo prise, <strong>nous la retravaillons<\/strong> (recadrage et correction de la lumi\u00e8re uniquement) pour qu&#8217;elle respecte les normes officielles (<em>Norme ISO\/IEC 19794-5 : 2005<\/em> pour passeport fran\u00e7ais).<\/span><\/p>\n<p><span><a href=\"https:\/\/gb-studiophoto.com\/wp-content\/uploads\/2024\/11\/Photo-Normes-Passeport-Francais.jpg\" target=\"_blank\" rel=\"noopener\"><img decoding=\"async\" alt=\"normes et crit\u00e8res pour les photo de passeport francais\" data-id=\"3506\" width=\"481\" data-init-width=\"1080\" height=\"481\" data-init-height=\"1080\" src=\"https:\/\/gb-studiophoto.com\/wp-content\/uploads\/2024\/11\/Photo-Normes-Passeport-Francais.jpg\" data-link-wrap=\"true\" data-width=\"481\" data-height=\"481\" style=\"aspect-ratio: auto 1080 \/ 1080;\" loading=\"lazy\"><\/a><\/span><\/p>\n<p style=\"\">Les crit\u00e8res et normes pour les photos de passeport fran\u00e7ais<\/p>\n<p><span style=\"font-size: 16px !important;\">La rapidit\u00e9 et l&#8217;efficacit\u00e9 de notre service sont nos priorit\u00e9s. A la fin du rendez vous, <strong>vous repartirez avec vos photos<\/strong> en format papier photo (<em>planche de 6 photos d&#8217;identit\u00e9<\/em>), pr\u00eates \u00e0 \u00eatre utilis\u00e9es pour votre demande de passeport en Mairie. En choisissant nos services, vous avez <strong>la garantie d&#8217;une photo parfaitement conforme et professionnelle, accompagn\u00e9e d&#8217;une explication claire sur son utilisation<\/strong>.<\/span><\/p>\n<h2>&gt; <span style=\"text-decoration: underline;\">Infographie des \u00e9tapes pour obtenir son Passeport de voyage<\/span> : <\/h2>\n<p><span><a href=\"https:\/\/gb-studiophoto.com\/wp-content\/uploads\/2024\/11\/photographe-etape-creation-passeport-blagnac_1.jpg\" target=\"_blank\" rel=\"noopener\"><img decoding=\"async\" alt=\"Etape de la creation d'un passeport francais\" data-id=\"3567\" width=\"1238\" data-init-width=\"1400\" height=\"619\" data-init-height=\"700\" src=\"https:\/\/gb-studiophoto.com\/wp-content\/uploads\/2024\/11\/photographe-etape-creation-passeport-blagnac_1.jpg\" data-link-wrap=\"true\" data-width=\"1238\" data-height=\"619\" style=\"aspect-ratio: auto 1400 \/ 700;\" loading=\"lazy\"><\/a><\/span><\/p>\n<p>Les \u00e9tapes de la cr\u00e9ation de votre passeport fran\u00e7ais.<\/p>\n<p><span>Vous \u00eates enfin pr\u00eat(e), gr\u00e2ce \u00e0 votre passeport de voyage ou d&#8217;affaire, \u00e0 d\u00e9couvrir d&#8217;autres horizons !<\/span><\/p>\n<p style=\"\">\u25ba Et si vous vous posez encore des questions sur votre passeport, vous pouvez retrouver toutes les informations n\u00e9cessaires ici : <a data-tcb_hover_state_parent=\"\" href=\"https:\/\/www.service-public.fr\/particuliers\/vosdroits\/N360\" style=\"outline: none;\" target=\"_blank\" rel=\"noopener\">tout savoir sur les passeports fran\u00e7ais<\/a><\/p>\n<h1 style=\"text-align: left;\"><span style=\"text-decoration: underline;\">Les photos d&#8217;identit\u00e9 pour les Passeports Fran\u00e7ais<\/span> : <\/h1>\n<h2>&gt; <span style=\"text-decoration: underline;\">Les r\u00e8gles impos\u00e9es pour les photos de Passeports<\/span> :<\/h2>\n<p style=\"font-size: 16px !important;\">Pour obtenir votre passeport fran\u00e7ais (passeport de voyage adulte, enfant ou nourrisson), il est primordial d&#8217;avoir des photos d&#8217;identit\u00e9 <strong>conformes aux normes<\/strong> strictes impos\u00e9es par l&#8217;administration. En tant que photographe professionnel bas\u00e9 \u00e0 Toulouse (31200) et Blagnac (31700), je vous propose des s\u00e9ances de photographie sp\u00e9cialement con\u00e7ues pour les passeports fran\u00e7ais, <strong>quelque soit votre \u00e2ge<\/strong> (service de passeport pour b\u00e9b\u00e9, enfant et adulte). <strong>Nos photos respectent les dimensions et les crit\u00e8res pr\u00e9cis exig\u00e9s par l&#8217;administratio<\/strong><strong>n<\/strong> fran\u00e7aise, garantissant ainsi leur acceptation d\u00e8s la premi\u00e8re soumission.<span style=\"text-decoration: underline;\">Retrouvez toutes les r\u00e8gles en vigueur ici<\/span> : <a data-tcb_hover_state_parent=\"\" href=\"https:\/\/www.service-public.fr\/particuliers\/vosdroits\/F10619\" style=\"outline: none;\" target=\"_blank\" rel=\"noopener\">les normes des prises de vue des photos d&#8217;identit\u00e9<\/a><\/p>\n<p><span><img decoding=\"async\" alt=\"Tampon avec deux passeports francais\" data-id=\"3503\" width=\"966\" data-init-width=\"966\" height=\"576\" data-init-height=\"576\" src=\"https:\/\/gb-studiophoto.com\/wp-content\/uploads\/2024\/11\/photographe-passeport-enfant-blagnac.jpg\" data-link-wrap=\"true\" data-width=\"966\" data-height=\"576\" style=\"aspect-ratio: auto 966 \/ 576;\" loading=\"lazy\"><\/span><\/p>\n<p style=\"\">Photos d&#8217;identit\u00e9 en conformit\u00e9 avec l&#8217;administration fran\u00e7aise<\/p>\n<h2>&gt; <span style=\"text-decoration: underline;\">Qu&#8217;est-ce qu&#8217;un photographe professionnel de photo de Passeport va vous apporter par rapport \u00e0 un Photomaton<\/span> ?<\/h2>\n<p style=\"\"><span style=\"font-size: 16px !important;\">Lors de votre s\u00e9ance, nous prendrons le temps n\u00e9cessaire pour capturer des images de qualit\u00e9, en veillant \u00e0 l&#8217;\u00e9clairage (utilisation du flash), \u00e0 la pose et aux expressions appropri\u00e9es. Nous vous expliquerons comment vous positionner afin d&#8217;obtenir <strong>la meilleure photo possible<\/strong>. <\/span><span style=\"font-size: 16px !important;\"><\/span><span style=\"font-size: 16px !important;\"><span>Form\u00e9s sur la manipulation des b\u00e9b\u00e9s, nous pouvons r\u00e9aliser <strong>les photos de votre nourrisson d\u00e8s la naissance<\/strong>. Nous savons \u00e0 quel point \u00e7a peut \u00eatre compliqu\u00e9 pour vous, les parents, de trouver un photographe qui prenne soin de votre bout&#8217;chou. Nous utilisons <strong>des techniques adapt\u00e9es \u00e0 votre enfant<\/strong>, et prenons le temps n\u00e9cessaire pour qu&#8217;<strong>il se sente bien<\/strong>. &nbsp;<\/span><\/span><span style=\"font-size: 16px !important;\">Une fois la photo prise, <strong>nous la retravaillons<\/strong> (recadrage et correction de la lumi\u00e8re uniquement) pour qu&#8217;elle respecte les normes officielles (<em>Norme ISO\/IEC 19794-5 : 2005 pour passeport fran\u00e7ais<\/em>).<\/span><\/p>\n<p><span><a href=\"https:\/\/gb-studiophoto.com\/wp-content\/uploads\/2024\/11\/Photo-Normes-Passeport-Francais.jpg\" target=\"_blank\" rel=\"noopener\"><img decoding=\"async\" alt=\"normes et crit\u00e8res pour les photo de passeport francais\" data-id=\"3506\" width=\"1080\" data-init-width=\"1080\" height=\"1080\" data-init-height=\"1080\" src=\"https:\/\/gb-studiophoto.com\/wp-content\/uploads\/2024\/11\/Photo-Normes-Passeport-Francais.jpg\" data-link-wrap=\"true\" data-width=\"1080\" data-height=\"1080\" style=\"aspect-ratio: auto 1080 \/ 1080;\" loading=\"lazy\"><\/a><\/span><\/p>\n<p style=\"\">Les crit\u00e8res et normes pour les photos de passeport fran\u00e7ais<\/p>\n<p><span style=\"font-size: 16px !important;\">La rapidit\u00e9 et l&#8217;efficacit\u00e9 de notre service sont nos priorit\u00e9s. A la fin du rendez vous, <strong>vous repartirez avec vos photos<\/strong> en format papier photo (<em>planche de 6 photos d&#8217;identit\u00e9<\/em>), pr\u00eates \u00e0 \u00eatre utilis\u00e9es pour votre demande de passeport en Mairie. En choisissant nos services, vous avez <strong>la garantie d&#8217;une photo parfaitement conforme et professionnelle, accompagn\u00e9e d&#8217;une explication claire sur son utilisation<\/strong>.<\/span><\/p>\n<h2>&gt; <span style=\"text-decoration: underline;\">Infographie des \u00e9tapes pour obtenir son Passeport de voyage<\/span> : <\/h2>\n<p><span><a href=\"https:\/\/gb-studiophoto.com\/wp-content\/uploads\/2024\/11\/photographe-etape-creation-passeport-blagnac_1.jpg\" target=\"_blank\" rel=\"noopener\"><img decoding=\"async\" alt=\"Etape de la creation d'un passeport francais\" data-id=\"3567\" width=\"1200\" data-init-width=\"1400\" height=\"600\" data-init-height=\"700\" src=\"https:\/\/gb-studiophoto.com\/wp-content\/uploads\/2024\/11\/photographe-etape-creation-passeport-blagnac_1.jpg\" data-link-wrap=\"true\" data-width=\"1200\" data-height=\"600\" style=\"aspect-ratio: auto 1400 \/ 700;\" loading=\"lazy\"><\/a><\/span><\/p>\n<p>Les \u00e9tapes de la cr\u00e9ation de votre passeport fran\u00e7ais.<\/p>\n<p style=\"text-align: justify;\"><span>Vous \u00eates enfin pr\u00eat(e), gr\u00e2ce \u00e0 votre passeport de voyage ou d&#8217;affaire, \u00e0 d\u00e9couvrir d&#8217;autres horizons !<\/span><\/p>\n<p style=\"\">\u25ba Et si vous vous posez encore des questions sur votre passeport, vous pouvez retrouver toutes les informations n\u00e9cessaires ici : <a data-tcb_hover_state_parent=\"\" href=\"https:\/\/www.service-public.fr\/particuliers\/vosdroits\/N360\" target=\"_blank\" style=\"outline: none;\" rel=\"noopener\">tout savoir sur les passeports fran\u00e7ais<\/a><\/p>\n","protected":false},"excerpt":{"rendered":"<p>Les photos d&#8217;identit\u00e9 pour les Passeports Fran\u00e7ai [&hellip;]<\/p>\n","protected":false},"author":1,"featured_media":3541,"parent":0,"menu_order":0,"comment_status":"closed","ping_status":"closed","template":"template-full-width.php","meta":{"ngg_post_thumbnail":0,"footnotes":""},"class_list":["post-3446","page","type-page","status-publish","has-post-thumbnail","hentry"],"_links":{"self":[{"href":"https:\/\/gb-studiophoto.com\/zh\/wp-json\/wp\/v2\/pages\/3446","targetHints":{"allow":["GET"]}}],"collection":[{"href":"https:\/\/gb-studiophoto.com\/zh\/wp-json\/wp\/v2\/pages"}],"about":[{"href":"https:\/\/gb-studiophoto.com\/zh\/wp-json\/wp\/v2\/types\/page"}],"author":[{"embeddable":true,"href":"https:\/\/gb-studiophoto.com\/zh\/wp-json\/wp\/v2\/users\/1"}],"replies":[{"embeddable":true,"href":"https:\/\/gb-studiophoto.com\/zh\/wp-json\/wp\/v2\/comments?post=3446"}],"version-history":[{"count":40,"href":"https:\/\/gb-studiophoto.com\/zh\/wp-json\/wp\/v2\/pages\/3446\/revisions"}],"predecessor-version":[{"id":3769,"href":"https:\/\/gb-studiophoto.com\/zh\/wp-json\/wp\/v2\/pages\/3446\/revisions\/3769"}],"wp:featuredmedia":[{"embeddable":true,"href":"https:\/\/gb-studiophoto.com\/zh\/wp-json\/wp\/v2\/media\/3541"}],"wp:attachment":[{"href":"https:\/\/gb-studiophoto.com\/zh\/wp-json\/wp\/v2\/media?parent=3446"}],"curies":[{"name":"wp","href":"https:\/\/api.w.org\/{rel}","templated":true}]}}