{"id":3452,"date":"2024-11-14T14:52:06","date_gmt":"2024-11-14T12:52:06","guid":{"rendered":"https:\/\/gb-studiophoto.com\/?page_id=3452"},"modified":"2025-01-07T12:19:41","modified_gmt":"2025-01-07T10:19:41","slug":"photographe-carte-identite-blagnac","status":"publish","type":"page","link":"https:\/\/gb-studiophoto.com\/zh\/photographe-carte-identite-blagnac\/","title":{"rendered":"Photo Carte nationale d&#8217;identit\u00e9 fran\u00e7aise (CNI)"},"content":{"rendered":"<h1><span style=\"text-decoration: underline;\">Les photos d&#8217;identit\u00e9 pour les cartes d&#8217;identit\u00e9 fran\u00e7aise<\/span> :<\/h1>\n<p><span><a href=\"https:\/\/gb-studiophoto.com\/wp-content\/uploads\/2024\/11\/photographe-blagnac-photo-identite-francaise_1.jpg\" target=\"_blank\"><img decoding=\"async\" alt=\"Etape de la creatiion d'une carte d'identite francaise\" data-id=\"3558\" width=\"1360\" data-init-width=\"1400\" height=\"680\" data-init-height=\"700\" src=\"https:\/\/gb-studiophoto.com\/wp-content\/uploads\/2024\/11\/photographe-blagnac-photo-identite-francaise_1.jpg\" data-link-wrap=\"true\" data-width=\"1360\" data-height=\"680\" style=\"aspect-ratio: auto 1400 \/ 700;\" loading=\"lazy\"><\/a><\/span><\/p>\n<p style=\"\">Les \u00e9tapes de la cr\u00e9ation de votre carte d&#8217;identit\u00e9.<\/p>\n<h2>&gt; <span style=\"text-decoration: underline;\">R\u00e9alisation des Photos pour la Carte d&#8217;Identit\u00e9 Fran\u00e7aise<\/span> :<\/h2>\n<p style=\"\">La carte nationale d&#8217;identit\u00e9 fran\u00e7aise (CNI) est un <strong>document officiel indispensable<\/strong> pour de nombreuses d\u00e9marches administratives. Pour garantir l&#8217;acceptation de votre demande, il est indispensable de fournir <strong>une photo d&#8217;identit\u00e9 conforme aux normes strictes <\/strong>\u00e9tablies par les autorit\u00e9s fran\u00e7aises. En tant que photographe professionnel \u00e0 Toulouse et Blagnac, je vous propose un service de photographie d&#8217;identit\u00e9 qui respecte scrupuleusement ces exigences. <strong>Votre satisfaction est notre priorit\u00e9<\/strong>, et nous veillons \u00e0 ce que vous soyez \u00e0 l&#8217;aise tout au long de la s\u00e9ance photo identit\u00e9.Voici tout ce que vous devez savoir pour obtenir des photos d&#8217;identit\u00e9 de haute qualit\u00e9 et conformes pour votre CNI.<\/p>\n<h2>&gt; <span style=\"text-decoration: underline;\">Le Travail du Photographe : Positionnement des Sujets et Respect des R\u00e8gles<\/span> :<\/h2>\n<p style=\"\">En tant que photographe professionnel, ma priorit\u00e9 est de vous garantir <strong>des photos d&#8217;identit\u00e9 conformes aux normes en vigueur<\/strong> pour la carte d&#8217;identit\u00e9 fran\u00e7aise. Voici comment je proc\u00e8de pour chaque s\u00e9ance :<\/p>\n<h3 style=\"\">&gt; 1. Positionnement du Sujet<\/h3>\n<p style=\"\">Je m&#8217;assure que vous \u00eates bien positionn\u00e9 face \u00e0 l&#8217;objectif. Votre visage doit \u00eatre bien centr\u00e9 et l&#8217;alignement vertical parfait. Je vous guide pour adopter une position naturelle et confortable, avec les \u00e9paules rel\u00e2ch\u00e9es et la t\u00eate bien droite.<strong>Nos comp\u00e9tences en manipulation des nourrissons nous permettent de capturer les premiers instants de vie de votre b\u00e9b\u00e9<\/strong>. Conscients des difficult\u00e9s pour les parents \u00e0 trouver un professionnel qui prenne soin de leur petit tr\u00e9sor, <strong>nous utilisons des m\u00e9thodes adapt\u00e9es et veillons \u00e0 ce que votre enfant se sente toujours bien<\/strong>.<\/p>\n<h3 style=\"font-size: 26px !important;\">&gt; 2. Respect des R\u00e8gles<\/h3>\n<p style=\"\">Je veille \u00e0 ce que tous les crit\u00e8res requis soient respect\u00e9s. Je vous explique les exigences concernant les expressions faciales, les accessoires autoris\u00e9s et l\u2019importance d\u2019une posture correcte. Votre confort est essentiel pour obtenir une photo naturelle et conforme.<\/p>\n<p style=\"\">Pour \u00eatre accept\u00e9e, la photo de votre carte d&#8217;identit\u00e9 fran\u00e7aise doit r\u00e9pondre \u00e0 des crit\u00e8res bien pr\u00e9cis :<\/p>\n<ul>\n<li style=\"\"><strong>Format<\/strong> : La photo doit mesurer 35 mm de large sur 45 mm de haut.<\/li>\n<li style=\"\"><strong>Qualit\u00e9<\/strong> : La photo doit \u00eatre nette, sans pliure ni traces.<\/li>\n<li style=\"\"><strong>Fond<\/strong> : Le fond doit \u00eatre uni, de couleur claire (bleu clair, gris clair).<\/li>\n<li style=\"\"><strong>Visage<\/strong> : Le visage doit \u00eatre bien centr\u00e9, de face, et occuper entre 32 et 36 mm du bas du menton au sommet du cr\u00e2ne. Les expressions faciales doivent \u00eatre neutres, la bouche ferm\u00e9e, les yeux ouverts et visibles.<\/li>\n<li style=\"\"><strong>\u00c9clairage<\/strong> : L\u2019\u00e9clairage doit \u00eatre homog\u00e8ne sans ombre sur le visage ni en arri\u00e8re-plan.<\/li>\n<li style=\"\"><strong>Accessoires<\/strong> : Les lunettes sont autoris\u00e9es \u00e0 condition que les yeux soient bien visibles, sans reflet sur les verres, ni monture \u00e9paisse.<\/li>\n<\/ul>\n<p><span><a href=\"https:\/\/gb-studiophoto.com\/wp-content\/uploads\/2024\/11\/photo-norme-carte-identite-francaise.jpg\" target=\"_blank\"><img decoding=\"async\" alt=\"Les normes \u00e0 respecter pour la Photo de la carte nationale d\u2019identit\u00e9 fran\u00e7aise\" data-id=\"3520\" width=\"648\" data-init-width=\"1080\" height=\"648\" data-init-height=\"1080\" src=\"https:\/\/gb-studiophoto.com\/wp-content\/uploads\/2024\/11\/photo-norme-carte-identite-francaise.jpg\" data-link-wrap=\"true\" data-width=\"648\" data-height=\"648\" style=\"aspect-ratio: auto 1080 \/ 1080;\" loading=\"lazy\"><\/a><\/span>Les normes \u00e0 respecter pour les photos de la carte nationale d&#8217;identite francaise<\/p>\n<h3 style=\"font-size: 26px !important;\">&gt; 3. L&#8217;\u00e9clairage<\/h3>\n<p style=\"\"><strong>L\u2019\u00e9clairage est crucial pour la qualit\u00e9<\/strong> de votre photo d&#8217;identit\u00e9. J&#8217;utilise un \u00e9clairage professionnel pour garantir une lumi\u00e8re homog\u00e8ne, sans ombre ni reflet sur votre visage. Cela permet <strong>de vous mettre en valeur<\/strong>, tout en garantissant une photo nette et conforme.<\/p>\n<h2>&gt; <span style=\"text-decoration: underline;\">Traitement de la Photo aux Normes en Vigueur<\/span> :&nbsp;<\/h2>\n<p><span><a href=\"https:\/\/gb-studiophoto.com\/wp-content\/uploads\/2024\/11\/photo-carte-identite-photographe-toulouse.jpg\" target=\"_blank\"><img decoding=\"async\" alt=\"photographe qui retravaille une photo d'identite fran\u00e7aise\" data-id=\"3522\" width=\"492\" data-init-width=\"1400\" height=\"328\" data-init-height=\"933\" src=\"https:\/\/gb-studiophoto.com\/wp-content\/uploads\/2024\/11\/photo-carte-identite-photographe-toulouse.jpg\" data-link-wrap=\"true\" data-width=\"492\" data-height=\"328\" style=\"aspect-ratio: auto 1400 \/ 933;\" loading=\"lazy\"><\/a><\/span>Traitement aux normes, des photos pour les cartes d&#8217;identit\u00e9<\/p>\n<p style=\"\">Apr\u00e8s la prise de vue, je traite votre photo pour m&#8217;assurer qu&#8217;elle respecte bien les normes officielles. Ce traitement inclut :<\/p>\n<ul>\n<li style=\"\">\n<p style=\"\"><strong>Le recadrage<\/strong> : Pour s\u2019assurer que le visage occupe la bonne proportion de la photo.<\/p>\n<\/li>\n<li style=\"\">\n<p style=\"\"><strong>L&#8217;ajustement de la luminosit\u00e9<\/strong> : Pour que l\u2019\u00e9clairage soit uniforme et sans zone d\u2019ombre.<\/p>\n<\/li>\n<li style=\"\">\n<p style=\"\"><strong>La v\u00e9rification de la nettet\u00e9<\/strong> : Pour garantir une image claire et pr\u00e9cise.<\/p>\n<\/li>\n<li style=\"\">\n<p style=\"\"><strong>Les corrections mineures<\/strong> : Pour enlever d\u2019\u00e9ventuelles imperfections tout en respectant les normes (aucune retouche esth\u00e9tique n&#8217;est autoris\u00e9e).<\/p>\n<\/li>\n<\/ul>\n<h2>&gt; <span style=\"text-decoration: underline;\">Faites Confiance \u00e0 un Professionnel<\/span> :<\/h2>\n<p style=\"\">En choisissant un photographe professionnel pour vos photos de carte d&#8217;identit\u00e9, <strong>vous avez la garantie d\u2019obtenir des clich\u00e9s conformes aux normes requise<\/strong><strong>s<\/strong>. Mon exp\u00e9rience et mon expertise vous assurent <strong>une photo accept\u00e9e d\u00e8s la premi\u00e8re soumission<\/strong>, \u00e9vitant ainsi les d\u00e9sagr\u00e9ments li\u00e9s aux refus et aux retards administratifs.<\/p>\n<p style=\"\">Je suis \u00e0 votre disposition pour r\u00e9pondre \u00e0 toutes vos questions et vous accompagner dans cette d\u00e9marche essentielle.<\/p>\n<p style=\"text-align: left;\"><img decoding=\"async\" role=\"img\" alt=\"\ud83d\udcf8\" src=\"https:\/\/s.w.org\/images\/core\/emoji\/15.0.3\/svg\/1f4f8.svg\" loading=\"lazy\"><a data-tcb_hover_state_parent=\"\" href=\"https:\/\/gb-studiophoto.com\/contact\/\" style=\"outline: none;\" target=\"_blank\"><strong>Contactez-moi d\u00e8s maintenant pour r\u00e9server votre s\u00e9ance photo<\/strong><\/a><strong>&nbsp;<\/strong>professionnelle \u00e0 Toulouse et obtenez des photos conformes et de qualit\u00e9 pour votre carte d&#8217;identit\u00e9 fran\u00e7aise !<\/p>\n<h1 style=\"\"><span>Les photos d&#8217;identit\u00e9 pour les cartes d&#8217;identit\u00e9 fran\u00e7aise<\/span> :<\/h1>\n<p><span style=\"\"><a href=\"https:\/\/gb-studiophoto.com\/wp-content\/uploads\/2024\/11\/photographe-blagnac-photo-identite-francaise_1.jpg\" target=\"_blank\"><img decoding=\"async\" alt=\"Etape de la creatiion d'une carte d'identite francaise\" data-id=\"3558\" width=\"1360\" data-init-width=\"1400\" height=\"680\" data-init-height=\"700\" src=\"https:\/\/gb-studiophoto.com\/wp-content\/uploads\/2024\/11\/photographe-blagnac-photo-identite-francaise_1.jpg\" data-link-wrap=\"true\" data-width=\"1360\" data-height=\"680\" style=\"aspect-ratio: auto 1400 \/ 700;\" ml-m=\"0\" mt-m=\"0\" loading=\"lazy\"><\/a><\/span><\/p>\n<p style=\"\">Les \u00e9tapes de la cr\u00e9ation de votre carte d&#8217;identit\u00e9.<\/p>\n<h2 style=\"\">&gt; <span>R\u00e9alisation des Photos pour la Carte d&#8217;Identit\u00e9 Fran\u00e7aise<\/span> :<\/h2>\n<p style=\"\">La carte nationale d&#8217;identit\u00e9 fran\u00e7aise (CNI) est un <strong>document officiel indispensable<\/strong> pour de nombreuses d\u00e9marches administratives. Pour garantir l&#8217;acceptation de votre demande, il est indispensable de fournir <strong>une photo d&#8217;identit\u00e9 conforme aux normes strictes <\/strong>\u00e9tablies par les autorit\u00e9s fran\u00e7aises. En tant que photographe professionnel \u00e0 Toulouse et Blagnac, je vous propose un service de photographie d&#8217;identit\u00e9 qui respecte scrupuleusement ces exigences.&nbsp;<strong><\/strong><strong>Votre satisfaction est notre priorit\u00e9<\/strong>, et nous veillons \u00e0 ce que vous soyez \u00e0 l&#8217;aise tout au long de la s\u00e9ance photo d&#8217;identit\u00e9.Voici tout ce que vous devez savoir pour obtenir des photos d&#8217;identit\u00e9 de haute qualit\u00e9 et conformes pour votre CNI.<\/p>\n<h2 style=\"\">&gt; <span>Le Travail du Photographe : Positionnement des Sujets et Respect des R\u00e8gles<\/span>&nbsp;<\/h2>\n<p style=\"\">En tant que photographe professionnel, ma priorit\u00e9 est de vous garantir <strong>des photos d&#8217;identit\u00e9 conformes aux normes en vigueur<\/strong> pour la carte d&#8217;identit\u00e9 fran\u00e7aise. Voici comment je proc\u00e8de pour chaque s\u00e9ance :<\/p>\n<h3 style=\"\">&gt; 1. Positionnement du Sujet<\/h3>\n<p style=\"\">Je m&#8217;assure que vous \u00eates bien positionn\u00e9 face \u00e0 l&#8217;objectif. Votre visage doit \u00eatre bien centr\u00e9 et l&#8217;alignement vertical parfait. Je vous guide pour adopter une position naturelle et confortable, avec les \u00e9paules rel\u00e2ch\u00e9es et la t\u00eate bien droite.<strong>Nos comp\u00e9tences en manipulation des nourrissons nous permettent de capturer les premiers instants de vie de votre b\u00e9b\u00e9<\/strong>. Conscients des difficult\u00e9s pour les parents \u00e0 trouver un professionnel qui prenne soin de leur petit tr\u00e9sor, <strong>nous utilisons des m\u00e9thodes adapt\u00e9es et veillons \u00e0 ce que votre enfant se sente toujours bien<\/strong>.<\/p>\n<h3 style=\"font-size: 26px !important;\">&gt; 2. Respect des R\u00e8gles<\/h3>\n<p style=\"\">Je veille \u00e0 ce que tous les crit\u00e8res requis soient respect\u00e9s. Je vous explique les exigences concernant les expressions faciales, les accessoires autoris\u00e9s et l\u2019importance d\u2019une posture correcte. Votre confort est essentiel pour obtenir une photo naturelle et conforme.<\/p>\n<p style=\"\">Pour \u00eatre accept\u00e9e, la photo de votre carte d&#8217;identit\u00e9 fran\u00e7aise doit r\u00e9pondre \u00e0 des crit\u00e8res bien pr\u00e9cis :<\/p>\n<ul>\n<li style=\"\"><strong>Format<\/strong> : La photo doit mesurer 35 mm de large sur 45 mm de haut.<\/li>\n<li style=\"\"><strong>Qualit\u00e9<\/strong> : La photo doit \u00eatre nette, sans pliure ni traces.<\/li>\n<li style=\"\"><strong>Fond<\/strong> : Le fond doit \u00eatre uni, de couleur claire (bleu clair, gris clair).<\/li>\n<li style=\"\"><strong>Visage<\/strong> : Le visage doit \u00eatre bien centr\u00e9, de face, et occuper entre 32 et 36 mm du bas du menton au sommet du cr\u00e2ne. Les expressions faciales doivent \u00eatre neutres, la bouche ferm\u00e9e, les yeux ouverts et visibles.<\/li>\n<li style=\"\"><strong>\u00c9clairage<\/strong> : L\u2019\u00e9clairage doit \u00eatre homog\u00e8ne sans ombre sur le visage ni en arri\u00e8re-plan.<\/li>\n<li style=\"\"><strong>Accessoires<\/strong> : Les lunettes sont autoris\u00e9es \u00e0 condition que les yeux soient bien visibles, sans reflet sur les verres, ni monture \u00e9paisse.<\/li>\n<\/ul>\n<p><span style=\"\"><a href=\"https:\/\/gb-studiophoto.com\/wp-content\/uploads\/2024\/11\/photo-norme-carte-identite-francaise.jpg\" target=\"_blank\"><img decoding=\"async\" alt=\"Les normes \u00e0 respecter pour la Photo de la carte nationale d\u2019identit\u00e9 fran\u00e7aise\" data-id=\"3520\" width=\"648\" data-init-width=\"1080\" height=\"648\" data-init-height=\"1080\" src=\"https:\/\/gb-studiophoto.com\/wp-content\/uploads\/2024\/11\/photo-norme-carte-identite-francaise.jpg\" data-link-wrap=\"true\" data-width=\"648\" data-height=\"648\" style=\"aspect-ratio: auto 1080 \/ 1080;\" ml-m=\"0\" mt-m=\"0\" loading=\"lazy\"><\/a><\/span>Les normes \u00e0 respecter pour les photos de la carte nationale d&#8217;identite francaise<\/p>\n<h3 style=\"font-size: 26px !important;\">&gt; 3. L&#8217;\u00e9clairage<\/h3>\n<p style=\"\"><strong>L\u2019\u00e9clairage est crucial pour la qualit\u00e9<\/strong> de votre photo d&#8217;identit\u00e9. J&#8217;utilise un \u00e9clairage professionnel pour garantir une lumi\u00e8re homog\u00e8ne, sans ombre ni reflet sur votre visage. Cela permet de <strong>vous mettre en valeur<\/strong>, tout en garantissant une photo nette et conforme.<\/p>\n<h2 style=\"\">&gt; <span>Traitem<span>e<\/span>nt de la Photo aux Normes en Vigueur<\/span> :&nbsp;<\/h2>\n<p><span style=\"\"><a href=\"https:\/\/gb-studiophoto.com\/wp-content\/uploads\/2024\/11\/photo-carte-identite-photographe-toulouse.jpg\" target=\"_blank\"><img decoding=\"async\" alt=\"Un photographe traitant une photo d'identite sur son ordinateur portable\" data-id=\"3522\" width=\"492\" data-init-width=\"1400\" height=\"328\" data-init-height=\"933\" src=\"https:\/\/gb-studiophoto.com\/wp-content\/uploads\/2024\/11\/photo-carte-identite-photographe-toulouse.jpg\" data-link-wrap=\"true\" data-width=\"492\" data-height=\"328\" style=\"aspect-ratio: auto 1400 \/ 933;\" ml-m=\"-1.1170000000000186\" mt-m=\"0\" loading=\"lazy\"><\/a><\/span>Traitement aux normes, des photos pour les cartes d&#8217;identit\u00e9<\/p>\n<p style=\"\">Apr\u00e8s la prise de vue, je traite votre photo pour m&#8217;assurer qu&#8217;elle respecte bien les normes officielles. Ce traitement inclut :<\/p>\n<ul>\n<li>\n<p><strong><span>Le recadrage<\/span><\/strong><span> : Pour s\u2019assurer que le visage occupe la bonne proportion de la photo.<\/span><\/p>\n<\/li>\n<li>\n<p><span><strong>L&#8217;ajustement de la luminosit\u00e9<\/strong> : Pour que l\u2019\u00e9clairage soit uniforme et sans zone d\u2019ombre.<\/span><\/p>\n<\/li>\n<li>\n<p><span><strong>La v\u00e9rification de la nettet\u00e9<\/strong> : Pour garantir une image claire et pr\u00e9cise.<\/span><\/p>\n<\/li>\n<li>\n<p><span><strong>Les corrections mineures<\/strong> : Pour enlever d\u2019\u00e9ventuelles imperfections tout en respectant les normes (aucune retouche esth\u00e9tique n&#8217;est autoris\u00e9e).<\/span><\/p>\n<\/li>\n<\/ul>\n<h2 style=\"\">&gt; <span>Faites Confiance \u00e0 un Professionnel<\/span> :<\/h2>\n<p style=\"\">En choisissant un photographe professionnel pour vos photos de carte d&#8217;identit\u00e9, <strong>vous avez la garantie d\u2019obtenir des clich\u00e9s conformes aux normes requises<\/strong>. Mon exp\u00e9rience et mon expertise vous assurent <strong>une photo accept\u00e9e d\u00e8s la premi\u00e8re soumission<\/strong>, \u00e9vitant ainsi les d\u00e9sagr\u00e9ments li\u00e9s aux refus et aux retards administratifs.<\/p>\n<p style=\"\">Je suis \u00e0 votre disposition pour r\u00e9pondre \u00e0 toutes vos questions et vous accompagner dans cette d\u00e9marche essentielle.<\/p>\n<p style=\"text-align: left;\"><img decoding=\"async\" role=\"img\" alt=\"\ud83d\udcf8\" src=\"https:\/\/s.w.org\/images\/core\/emoji\/15.0.3\/svg\/1f4f8.svg\" loading=\"lazy\"><a data-tcb_hover_state_parent=\"\" href=\"https:\/\/gb-studiophoto.com\/contact\/\" style=\"outline: none;\" target=\"_blank\"><strong>Contactez-moi d\u00e8s maintenant pour r\u00e9server votre s\u00e9ance photo<\/strong><\/a><strong>&nbsp;<\/strong>professionnelle \u00e0 Toulouse et obtenez des photos conformes et de qualit\u00e9 pour votre carte d&#8217;identit\u00e9 fran\u00e7aise !<\/p>\n","protected":false},"excerpt":{"rendered":"<p>Les photos d&#8217;identit\u00e9 pour les cartes d&#8217;ide [&hellip;]<\/p>\n","protected":false},"author":1,"featured_media":3543,"parent":0,"menu_order":0,"comment_status":"closed","ping_status":"closed","template":"template-full-width.php","meta":{"ngg_post_thumbnail":0,"footnotes":""},"class_list":["post-3452","page","type-page","status-publish","has-post-thumbnail","hentry"],"_links":{"self":[{"href":"https:\/\/gb-studiophoto.com\/zh\/wp-json\/wp\/v2\/pages\/3452","targetHints":{"allow":["GET"]}}],"collection":[{"href":"https:\/\/gb-studiophoto.com\/zh\/wp-json\/wp\/v2\/pages"}],"about":[{"href":"https:\/\/gb-studiophoto.com\/zh\/wp-json\/wp\/v2\/types\/page"}],"author":[{"embeddable":true,"href":"https:\/\/gb-studiophoto.com\/zh\/wp-json\/wp\/v2\/users\/1"}],"replies":[{"embeddable":true,"href":"https:\/\/gb-studiophoto.com\/zh\/wp-json\/wp\/v2\/comments?post=3452"}],"version-history":[{"count":45,"href":"https:\/\/gb-studiophoto.com\/zh\/wp-json\/wp\/v2\/pages\/3452\/revisions"}],"predecessor-version":[{"id":3816,"href":"https:\/\/gb-studiophoto.com\/zh\/wp-json\/wp\/v2\/pages\/3452\/revisions\/3816"}],"wp:featuredmedia":[{"embeddable":true,"href":"https:\/\/gb-studiophoto.com\/zh\/wp-json\/wp\/v2\/media\/3543"}],"wp:attachment":[{"href":"https:\/\/gb-studiophoto.com\/zh\/wp-json\/wp\/v2\/media?parent=3452"}],"curies":[{"name":"wp","href":"https:\/\/api.w.org\/{rel}","templated":true}]}}